{"id":2007,"date":"2025-01-08T11:54:57","date_gmt":"2025-01-08T10:54:57","guid":{"rendered":"https:\/\/www.tgd.care\/materie-prime\/"},"modified":"2025-02-20T17:34:51","modified_gmt":"2025-02-20T16:34:51","slug":"ingredientes","status":"publish","type":"page","link":"https:\/\/www.tgd.care\/es\/ingredientes\/","title":{"rendered":"Ingredientes"},"content":{"rendered":"<section class=\"l-section wpb_row height_auto width_full\"><div class=\"l-section-h i-cf\"><div class=\"g-cols vc_row via_grid cols_1 laptops-cols_inherit tablets-cols_inherit mobiles-cols_1 valign_top type_default stacking_default\"><div class=\"wpb_column vc_column_container\"><div class=\"vc_column-inner\"><div class=\"w-separator us_custom_d6aae710 size_custom\" style=\"height:100px\"><\/div><section class=\"l-section wpb_row us_custom_60e9caca grid_materie_prime us_animate_this height_large with_video\"><div id=\"us_bg_video_m2e3\" class=\"l-section-video\"><script>!function(w){var node = document.getElementById( 'us_bg_video_m2e3' );if ( w.innerWidth <= 600 ) { node.remove() }}(window);<\/script><style>@media(max-width:600px){#us_bg_video_m2e3{display:none!important}}<\/style><video  autoplay loop muted playsinline preload=\"auto\"><source type=\"video\/mp4\" src=\"\/wp-content\/uploads\/2025\/01\/az.mp4\" \/><\/video><\/div><div class=\"l-section-overlay\" style=\"background:#dff0d4\"><\/div><div class=\"l-section-h i-cf\"><div class=\"g-cols vc_row via_grid cols_1 laptops-cols_inherit tablets-cols_inherit mobiles-cols_1 valign_top type_default stacking_default\"><div class=\"wpb_column vc_column_container\"><div class=\"vc_column-inner\"><div class=\"wpb_text_column\"><div class=\"wpb_wrapper\"><h5 style=\"text-align: center;\">Ingredientes<\/h5>\n<\/div><\/div><div class=\"w-separator us_custom_a5c0e80c size_custom with_line width_30 thick_2 style_solid color_primary align_center\" style=\"height:1\"><div class=\"w-separator-h\"><\/div><\/div><div class=\"w-separator size_medium\"><\/div><div class=\"w-grid us_post_list type_grid layout_2374 cols_3\" id=\"us_post_list_z997\" style=\"--gap:1rem;\" data-filterable=\"true\"><style>@media (max-width:1024px){#us_post_list_z997 .w-grid-item{width:50%}}@media (max-width:600px){#us_post_list_z997 .w-grid-list{margin:0}#us_post_list_z997 .w-grid-item{width:100%;padding:0;margin-bottom:var(--gap,0px)}}.layout_2374 .w-grid-item-h{}.layout_2374 .usg_post_image_1{text-align:center!important;margin-left:auto!important;margin-right:auto!important}.layout_2374 .usg_text_1{color:var(--color-header-middle-bg)!important}<\/style><div class=\"w-grid-list\">\t<article class=\"w-grid-item size_1x1 post-1991 materie_prime type-materie_prime status-publish has-post-thumbnail hentry\" data-id=\"1991\">\r\n\t\t<div class=\"w-grid-item-h\">\r\n\t\t\t\t\t\t\t<a href=\"https:\/\/www.tgd.care\/es\/materias_primas\/biointestil\/\" class=\"w-grid-item-anchor\" aria-label=\"BIOintestil\u00ae\"><\/a>\r\n\t\t\t\t\t\t<div class=\"w-post-elm post_image usg_post_image_1\"><a href=\"https:\/\/www.tgd.care\/es\/materias_primas\/biointestil\/\" aria-label=\"BIOintestil\u00ae\"><img decoding=\"async\" src=\"https:\/\/www.tgd.care\/wp-content\/uploads\/2024\/12\/Frame-3.svg\" class=\"attachment-full size-full wp-post-image\" alt=\"\" \/><\/a><\/div><div class=\"w-hwrapper usg_hwrapper_1\"><div class=\"w-vwrapper usg_vwrapper_1\"><p class=\"w-text usg_text_1 has_text_color\"><span class=\"w-text-h\"><span class=\"w-text-value\">\u00datil para:<\/span><\/span><\/p><div class=\"w-post-elm post_custom_field usg_post_custom_field_1 type_repeater icona color_link_inherit\"><div class=\"repeater\"><div class=\"repeater-row\"><div class=\"repeater-field immagine_uso_materia_prima\"><img loading=\"lazy\" decoding=\"async\" width=\"150\" height=\"150\" src=\"https:\/\/www.tgd.care\/wp-content\/uploads\/2025\/03\/1-1.svg\" class=\"attachment-thumbnail size-thumbnail\" alt=\"\" \/><\/div> <div class=\"repeater-field titolo_icona\">Modulaci\u00f3n de la microbiota<\/div> <\/div><div class=\"repeater-row\"><div class=\"repeater-field immagine_uso_materia_prima\"><img loading=\"lazy\" decoding=\"async\" width=\"150\" height=\"150\" src=\"https:\/\/www.tgd.care\/wp-content\/uploads\/2024\/12\/2-4.svg\" class=\"attachment-thumbnail size-thumbnail\" alt=\"\" \/><\/div> <div class=\"repeater-field titolo_icona\">S\u00edndrome del Intestino Irritable (SII)<\/div> <\/div><\/div><\/div><\/div><\/div>\t\t<\/div>\r\n\t\t\t<\/article>\r\n\t<article class=\"w-grid-item size_1x1 post-2398 materie_prime type-materie_prime status-publish has-post-thumbnail hentry\" data-id=\"2398\">\r\n\t\t<div class=\"w-grid-item-h\">\r\n\t\t\t\t\t\t\t<a href=\"https:\/\/www.tgd.care\/es\/materias_primas\/eugedin-complex\/\" class=\"w-grid-item-anchor\" aria-label=\"Eugedin Complex\u00ae\"><\/a>\r\n\t\t\t\t\t\t<div class=\"w-post-elm post_image usg_post_image_1\"><a href=\"https:\/\/www.tgd.care\/es\/materias_primas\/eugedin-complex\/\" aria-label=\"Eugedin Complex\u00ae\"><img decoding=\"async\" src=\"https:\/\/www.tgd.care\/wp-content\/uploads\/2024\/12\/Frame-4.svg\" class=\"attachment-full size-full wp-post-image\" alt=\"\" \/><\/a><\/div><div class=\"w-hwrapper usg_hwrapper_1\"><div class=\"w-vwrapper usg_vwrapper_1\"><p class=\"w-text usg_text_1 has_text_color\"><span class=\"w-text-h\"><span class=\"w-text-value\">\u00datil para:<\/span><\/span><\/p><div class=\"w-post-elm post_custom_field usg_post_custom_field_1 type_repeater icona color_link_inherit\"><div class=\"repeater\"><div class=\"repeater-row\"><div class=\"repeater-field immagine_uso_materia_prima\"><img loading=\"lazy\" decoding=\"async\" width=\"150\" height=\"150\" src=\"https:\/\/www.tgd.care\/wp-content\/uploads\/2025\/03\/4-1.svg\" class=\"attachment-thumbnail size-thumbnail\" alt=\"\" \/><\/div> <div class=\"repeater-field titolo_icona\">Defensas inmunitarias fuertes<\/div> <\/div><div class=\"repeater-row\"><div class=\"repeater-field immagine_uso_materia_prima\"><img loading=\"lazy\" decoding=\"async\" width=\"150\" height=\"150\" src=\"https:\/\/www.tgd.care\/wp-content\/uploads\/2024\/12\/2-4.svg\" class=\"attachment-thumbnail size-thumbnail\" alt=\"\" \/><\/div> <div class=\"repeater-field titolo_icona\">Antiviral y antibacteriano<\/div> <\/div><\/div><\/div><\/div><\/div>\t\t<\/div>\r\n\t\t\t<\/article>\r\n\t<article class=\"w-grid-item size_1x1 post-2404 materie_prime type-materie_prime status-publish has-post-thumbnail hentry\" data-id=\"2404\">\r\n\t\t<div class=\"w-grid-item-h\">\r\n\t\t\t\t\t\t\t<a href=\"https:\/\/www.tgd.care\/es\/materias_primas\/limenorm\/\" class=\"w-grid-item-anchor\" aria-label=\"Limenorm\u00ae\"><\/a>\r\n\t\t\t\t\t\t<div class=\"w-post-elm post_image usg_post_image_1\"><a href=\"https:\/\/www.tgd.care\/es\/materias_primas\/limenorm\/\" aria-label=\"Limenorm\u00ae\"><img decoding=\"async\" src=\"https:\/\/www.tgd.care\/wp-content\/uploads\/2024\/12\/1.svg\" class=\"attachment-full size-full wp-post-image\" alt=\"\" \/><\/a><\/div><div class=\"w-hwrapper usg_hwrapper_1\"><div class=\"w-vwrapper usg_vwrapper_1\"><p class=\"w-text usg_text_1 has_text_color\"><span class=\"w-text-h\"><span class=\"w-text-value\">\u00datil para:<\/span><\/span><\/p><div class=\"w-post-elm post_custom_field usg_post_custom_field_1 type_repeater icona color_link_inherit\"><div class=\"repeater\"><div class=\"repeater-row\"><div class=\"repeater-field immagine_uso_materia_prima\"><img loading=\"lazy\" decoding=\"async\" width=\"150\" height=\"150\" src=\"https:\/\/www.tgd.care\/wp-content\/uploads\/2025\/03\/1-1.svg\" class=\"attachment-thumbnail size-thumbnail\" alt=\"\" \/><\/div> <div class=\"repeater-field titolo_icona\">Modulaci\u00f3n de la microbiota<\/div> <\/div><div class=\"repeater-row\"><div class=\"repeater-field immagine_uso_materia_prima\"><img loading=\"lazy\" decoding=\"async\" width=\"150\" height=\"150\" src=\"https:\/\/www.tgd.care\/wp-content\/uploads\/2024\/12\/2-4.svg\" class=\"attachment-thumbnail size-thumbnail\" alt=\"\" \/><\/div> <div class=\"repeater-field titolo_icona\">Metabolismo energ\u00e9tico<\/div> <\/div><\/div><\/div><\/div><\/div>\t\t<\/div>\r\n\t\t\t<\/article>\r\n\t<article class=\"w-grid-item size_1x1 post-2402 materie_prime type-materie_prime status-publish has-post-thumbnail hentry\" data-id=\"2402\">\r\n\t\t<div class=\"w-grid-item-h\">\r\n\t\t\t\t\t\t\t<a href=\"https:\/\/www.tgd.care\/es\/materias_primas\/clovedin\/\" class=\"w-grid-item-anchor\" aria-label=\"Clovedin\u00ae\"><\/a>\r\n\t\t\t\t\t\t<div class=\"w-post-elm post_image usg_post_image_1\"><a href=\"https:\/\/www.tgd.care\/es\/materias_primas\/clovedin\/\" aria-label=\"Clovedin\u00ae\"><img decoding=\"async\" src=\"https:\/\/www.tgd.care\/wp-content\/uploads\/2024\/12\/2.svg\" class=\"attachment-full size-full wp-post-image\" alt=\"\" \/><\/a><\/div><div class=\"w-hwrapper usg_hwrapper_1\"><div class=\"w-vwrapper usg_vwrapper_1\"><p class=\"w-text usg_text_1 has_text_color\"><span class=\"w-text-h\"><span class=\"w-text-value\">\u00datil para:<\/span><\/span><\/p><div class=\"w-post-elm post_custom_field usg_post_custom_field_1 type_repeater icona color_link_inherit\"><div class=\"repeater\"><div class=\"repeater-row\"><div class=\"repeater-field immagine_uso_materia_prima\"><img loading=\"lazy\" decoding=\"async\" width=\"150\" height=\"150\" src=\"https:\/\/www.tgd.care\/wp-content\/uploads\/2025\/03\/1-1.svg\" class=\"attachment-thumbnail size-thumbnail\" alt=\"\" \/><\/div> <div class=\"repeater-field titolo_icona\">Modulaci\u00f3n de la microbiota<\/div> <\/div><div class=\"repeater-row\"><div class=\"repeater-field immagine_uso_materia_prima\"><img loading=\"lazy\" decoding=\"async\" width=\"150\" height=\"150\" src=\"https:\/\/www.tgd.care\/wp-content\/uploads\/2024\/12\/2-4.svg\" class=\"attachment-thumbnail size-thumbnail\" alt=\"\" \/><\/div> <div class=\"repeater-field titolo_icona\">Candidiasis recurrente<\/div> <\/div><\/div><\/div><\/div><\/div>\t\t<\/div>\r\n\t\t\t<\/article>\r\n\t<article class=\"w-grid-item size_1x1 post-2400 materie_prime type-materie_prime status-publish has-post-thumbnail hentry\" data-id=\"2400\">\r\n\t\t<div class=\"w-grid-item-h\">\r\n\t\t\t\t\t\t\t<a href=\"https:\/\/www.tgd.care\/es\/materias_primas\/algistat\/\" class=\"w-grid-item-anchor\" aria-label=\"Algistat\u00ae\"><\/a>\r\n\t\t\t\t\t\t<div class=\"w-post-elm post_image usg_post_image_1\"><a href=\"https:\/\/www.tgd.care\/es\/materias_primas\/algistat\/\" aria-label=\"Algistat\u00ae\"><img decoding=\"async\" src=\"https:\/\/www.tgd.care\/wp-content\/uploads\/2024\/12\/Frame-2.svg\" class=\"attachment-full size-full wp-post-image\" alt=\"\" \/><\/a><\/div><div class=\"w-hwrapper usg_hwrapper_1\"><div class=\"w-vwrapper usg_vwrapper_1\"><p class=\"w-text usg_text_1 has_text_color\"><span class=\"w-text-h\"><span class=\"w-text-value\">\u00datil para:<\/span><\/span><\/p><div class=\"w-post-elm post_custom_field usg_post_custom_field_1 type_repeater icona color_link_inherit\"><div class=\"repeater\"><div class=\"repeater-row\"><div class=\"repeater-field immagine_uso_materia_prima\"><img loading=\"lazy\" decoding=\"async\" width=\"150\" height=\"150\" src=\"https:\/\/www.tgd.care\/wp-content\/uploads\/2025\/03\/7-1.svg\" class=\"attachment-thumbnail size-thumbnail\" alt=\"\" \/><\/div> <div class=\"repeater-field titolo_icona\">Dolor neurop\u00e1tico inflamatorio<\/div> <\/div><div class=\"repeater-row\"><div class=\"repeater-field immagine_uso_materia_prima\"><img loading=\"lazy\" decoding=\"async\" width=\"150\" height=\"150\" src=\"https:\/\/www.tgd.care\/wp-content\/uploads\/2024\/12\/2-4.svg\" class=\"attachment-thumbnail size-thumbnail\" alt=\"\" \/><\/div> <div class=\"repeater-field titolo_icona\">Fibromialgia<\/div> <\/div><\/div><\/div><\/div><\/div>\t\t<\/div>\r\n\t\t\t<\/article>\r\n<\/div><div class=\"g-loadmore hidden\"><div class=\"g-preloader type_1\"><div><\/div><\/div><\/div><div class=\"w-grid-list-json hidden\" onclick='return {&quot;max_num_pages&quot;:0,&quot;pagination&quot;:&quot;none&quot;,&quot;paged&quot;:1,&quot;ajaxData&quot;:{&quot;_nonce&quot;:&quot;eb9c9ceb17&quot;,&quot;action&quot;:&quot;us_ajax_post_list&quot;,&quot;template_vars&quot;:{&quot;paged&quot;:1,&quot;max_num_pages&quot;:0,&quot;no_results&quot;:false,&quot;source&quot;:&quot;all&quot;,&quot;custom_field_name&quot;:&quot;&quot;,&quot;ids&quot;:null,&quot;post_type&quot;:&quot;materie_prime&quot;,&quot;post_author&quot;:&quot;any&quot;,&quot;post_author_ids&quot;:&quot;&quot;,&quot;exclude_children&quot;:0,&quot;exclude_current_post&quot;:1,&quot;exclude_prev_posts&quot;:0,&quot;apply_url_params&quot;:0,&quot;tax_query_relation&quot;:&quot;none&quot;,&quot;tax_query&quot;:[{&quot;operator&quot;:&quot;IN&quot;,&quot;taxonomy&quot;:&quot;category&quot;,&quot;terms&quot;:&quot;&quot;,&quot;include_children&quot;:0}],&quot;meta_query_relation&quot;:&quot;none&quot;,&quot;meta_query&quot;:[{&quot;key&quot;:&quot;custom_field_name&quot;,&quot;compare&quot;:&quot;=&quot;,&quot;value&quot;:&quot;&quot;}],&quot;orderby&quot;:&quot;date&quot;,&quot;orderby_custom_field&quot;:&quot;&quot;,&quot;orderby_custom_type&quot;:0,&quot;order_invert&quot;:0,&quot;show_all&quot;:0,&quot;quantity&quot;:&quot;12&quot;,&quot;no_items_action&quot;:&quot;message&quot;,&quot;no_items_message&quot;:&quot;No se han encontrado resultados.&quot;,&quot;no_items_page_block&quot;:&quot;&quot;,&quot;pagination&quot;:&quot;none&quot;,&quot;pagination_style&quot;:&quot;&quot;,&quot;pagination_btn_text&quot;:&quot;Cargar m\\u00e1s&quot;,&quot;pagination_btn_size&quot;:&quot;&quot;,&quot;pagination_btn_style&quot;:&quot;1&quot;,&quot;pagination_btn_fullwidth&quot;:0,&quot;items_layout&quot;:&quot;2374&quot;,&quot;type&quot;:&quot;grid&quot;,&quot;items_valign&quot;:0,&quot;ignore_items_size&quot;:0,&quot;load_animation&quot;:&quot;none&quot;,&quot;columns&quot;:&quot;3&quot;,&quot;items_gap&quot;:&quot;1rem&quot;,&quot;img_size&quot;:&quot;default&quot;,&quot;title_size&quot;:&quot;&quot;,&quot;items_ratio&quot;:&quot;default&quot;,&quot;items_ratio_width&quot;:&quot;21&quot;,&quot;items_ratio_height&quot;:&quot;9&quot;,&quot;overriding_link&quot;:&quot;%7B%22type%22%3A%22post%22%7D&quot;,&quot;popup_width&quot;:&quot;&quot;,&quot;popup_arrows&quot;:1,&quot;breakpoint_1_width&quot;:&quot;1381px&quot;,&quot;breakpoint_1_cols&quot;:&quot;default&quot;,&quot;breakpoint_1_gap&quot;:&quot;&quot;,&quot;breakpoint_2_width&quot;:&quot;1025px&quot;,&quot;breakpoint_2_cols&quot;:&quot;2&quot;,&quot;breakpoint_2_gap&quot;:&quot;&quot;,&quot;breakpoint_3_width&quot;:&quot;601px&quot;,&quot;breakpoint_3_cols&quot;:&quot;1&quot;,&quot;breakpoint_3_gap&quot;:&quot;&quot;,&quot;conditions_operator&quot;:&quot;always&quot;,&quot;conditions&quot;:[],&quot;css&quot;:null,&quot;el_class&quot;:&quot;&quot;,&quot;el_id&quot;:&quot;&quot;,&quot;enable_custom_html_atts&quot;:0,&quot;custom_html_atts&quot;:null,&quot;hide_on_states&quot;:&quot;&quot;,&quot;hide_for_sticky&quot;:0,&quot;hide_for_not_sticky&quot;:0,&quot;hide_below&quot;:&quot;0px&quot;,&quot;hide_above&quot;:&quot;0px&quot;,&quot;classes&quot;:&quot;&quot;}}}'><\/div><\/div><div class=\"w-separator size_medium\"><\/div><\/div><\/div><\/div><\/div><\/section>\n<\/div><\/div><\/div><\/div><\/section>\n","protected":false},"excerpt":{"rendered":"Alivio natural para una vida sin l\u00edmites. Soluci\u00f3n innovadora para el alivio del dolor neurop\u00e1tico Sinergia activa sobre los receptores cannabinoides de tipo 2 (CB2) Patente pendiente Algistat\u00ae, una formulaci\u00f3n innovadora a base de aceite esencial de clavo de olor y \u00e1cido docosahexaenoico (DHA), es un ingrediente innovador para la gesti\u00f3n del dolor neurop\u00e1tico e...","protected":false},"author":1,"featured_media":0,"parent":0,"menu_order":0,"comment_status":"closed","ping_status":"closed","template":"","meta":{"_acf_changed":false,"footnotes":""},"tags":[],"class_list":["post-2007","page","type-page","status-publish","hentry"],"acf":[],"yoast_head":"<!-- This site is optimized with the Yoast SEO plugin v24.7 - https:\/\/yoast.com\/wordpress\/plugins\/seo\/ -->\n<title>Ingredientes - TGD | Ricerca e Sviluppo di Integratori Alimentari<\/title>\n<meta name=\"robots\" content=\"index, follow, max-snippet:-1, max-image-preview:large, max-video-preview:-1\" \/>\n<link rel=\"canonical\" href=\"https:\/\/www.tgd.care\/es\/ingredientes\/\" \/>\n<meta property=\"og:locale\" content=\"es_ES\" \/>\n<meta property=\"og:type\" content=\"article\" \/>\n<meta property=\"og:title\" content=\"Ingredientes - TGD | Ricerca e Sviluppo di Integratori Alimentari\" \/>\n<meta property=\"og:url\" content=\"https:\/\/www.tgd.care\/es\/ingredientes\/\" \/>\n<meta property=\"og:site_name\" content=\"TGD | Ricerca e Sviluppo di Integratori Alimentari\" \/>\n<meta property=\"article:modified_time\" content=\"2025-02-20T16:34:51+00:00\" \/>\n<meta name=\"twitter:card\" content=\"summary_large_image\" \/>\n<meta name=\"twitter:label1\" content=\"Tiempo de lectura\" \/>\n\t<meta name=\"twitter:data1\" content=\"1 minuto\" \/>\n<script type=\"application\/ld+json\" class=\"yoast-schema-graph\">{\"@context\":\"https:\/\/schema.org\",\"@graph\":[{\"@type\":\"WebPage\",\"@id\":\"https:\/\/www.tgd.care\/es\/ingredientes\/\",\"url\":\"https:\/\/www.tgd.care\/es\/ingredientes\/\",\"name\":\"Ingredientes - TGD | Ricerca e Sviluppo di Integratori Alimentari\",\"isPartOf\":{\"@id\":\"https:\/\/www.tgd.care\/#website\"},\"datePublished\":\"2025-01-08T10:54:57+00:00\",\"dateModified\":\"2025-02-20T16:34:51+00:00\",\"breadcrumb\":{\"@id\":\"https:\/\/www.tgd.care\/es\/ingredientes\/#breadcrumb\"},\"inLanguage\":\"es\",\"potentialAction\":[{\"@type\":\"ReadAction\",\"target\":[\"https:\/\/www.tgd.care\/es\/ingredientes\/\"]}]},{\"@type\":\"BreadcrumbList\",\"@id\":\"https:\/\/www.tgd.care\/es\/ingredientes\/#breadcrumb\",\"itemListElement\":[{\"@type\":\"ListItem\",\"position\":1,\"name\":\"Home\",\"item\":\"https:\/\/www.tgd.care\/es\/\"},{\"@type\":\"ListItem\",\"position\":2,\"name\":\"Ingredientes\"}]},{\"@type\":\"WebSite\",\"@id\":\"https:\/\/www.tgd.care\/#website\",\"url\":\"https:\/\/www.tgd.care\/\",\"name\":\"TGD | Ricerca e Sviluppo di Integratori Alimentari\",\"description\":\"\",\"potentialAction\":[{\"@type\":\"SearchAction\",\"target\":{\"@type\":\"EntryPoint\",\"urlTemplate\":\"https:\/\/www.tgd.care\/?s={search_term_string}\"},\"query-input\":{\"@type\":\"PropertyValueSpecification\",\"valueRequired\":true,\"valueName\":\"search_term_string\"}}],\"inLanguage\":\"es\"}]}<\/script>\n<!-- \/ Yoast SEO plugin. -->","yoast_head_json":{"title":"Ingredientes - TGD | Ricerca e Sviluppo di Integratori Alimentari","robots":{"index":"index","follow":"follow","max-snippet":"max-snippet:-1","max-image-preview":"max-image-preview:large","max-video-preview":"max-video-preview:-1"},"canonical":"https:\/\/www.tgd.care\/es\/ingredientes\/","og_locale":"es_ES","og_type":"article","og_title":"Ingredientes - TGD | Ricerca e Sviluppo di Integratori Alimentari","og_url":"https:\/\/www.tgd.care\/es\/ingredientes\/","og_site_name":"TGD | Ricerca e Sviluppo di Integratori Alimentari","article_modified_time":"2025-02-20T16:34:51+00:00","twitter_card":"summary_large_image","twitter_misc":{"Tiempo de lectura":"1 minuto"},"schema":{"@context":"https:\/\/schema.org","@graph":[{"@type":"WebPage","@id":"https:\/\/www.tgd.care\/es\/ingredientes\/","url":"https:\/\/www.tgd.care\/es\/ingredientes\/","name":"Ingredientes - TGD | Ricerca e Sviluppo di Integratori Alimentari","isPartOf":{"@id":"https:\/\/www.tgd.care\/#website"},"datePublished":"2025-01-08T10:54:57+00:00","dateModified":"2025-02-20T16:34:51+00:00","breadcrumb":{"@id":"https:\/\/www.tgd.care\/es\/ingredientes\/#breadcrumb"},"inLanguage":"es","potentialAction":[{"@type":"ReadAction","target":["https:\/\/www.tgd.care\/es\/ingredientes\/"]}]},{"@type":"BreadcrumbList","@id":"https:\/\/www.tgd.care\/es\/ingredientes\/#breadcrumb","itemListElement":[{"@type":"ListItem","position":1,"name":"Home","item":"https:\/\/www.tgd.care\/es\/"},{"@type":"ListItem","position":2,"name":"Ingredientes"}]},{"@type":"WebSite","@id":"https:\/\/www.tgd.care\/#website","url":"https:\/\/www.tgd.care\/","name":"TGD | Ricerca e Sviluppo di Integratori Alimentari","description":"","potentialAction":[{"@type":"SearchAction","target":{"@type":"EntryPoint","urlTemplate":"https:\/\/www.tgd.care\/?s={search_term_string}"},"query-input":{"@type":"PropertyValueSpecification","valueRequired":true,"valueName":"search_term_string"}}],"inLanguage":"es"}]}},"_links":{"self":[{"href":"https:\/\/www.tgd.care\/es\/wp-json\/wp\/v2\/pages\/2007","targetHints":{"allow":["GET"]}}],"collection":[{"href":"https:\/\/www.tgd.care\/es\/wp-json\/wp\/v2\/pages"}],"about":[{"href":"https:\/\/www.tgd.care\/es\/wp-json\/wp\/v2\/types\/page"}],"author":[{"embeddable":true,"href":"https:\/\/www.tgd.care\/es\/wp-json\/wp\/v2\/users\/1"}],"replies":[{"embeddable":true,"href":"https:\/\/www.tgd.care\/es\/wp-json\/wp\/v2\/comments?post=2007"}],"version-history":[{"count":2,"href":"https:\/\/www.tgd.care\/es\/wp-json\/wp\/v2\/pages\/2007\/revisions"}],"predecessor-version":[{"id":2373,"href":"https:\/\/www.tgd.care\/es\/wp-json\/wp\/v2\/pages\/2007\/revisions\/2373"}],"wp:attachment":[{"href":"https:\/\/www.tgd.care\/es\/wp-json\/wp\/v2\/media?parent=2007"}],"wp:term":[{"taxonomy":"post_tag","embeddable":true,"href":"https:\/\/www.tgd.care\/es\/wp-json\/wp\/v2\/tags?post=2007"}],"curies":[{"name":"wp","href":"https:\/\/api.w.org\/{rel}","templated":true}]}}