{"id":2003,"date":"2025-01-09T12:12:58","date_gmt":"2025-01-09T11:12:58","guid":{"rendered":"https:\/\/www.tgd.care\/massimo-campieri\/"},"modified":"2025-03-19T10:44:23","modified_gmt":"2025-03-19T09:44:23","slug":"massimo-campieri","status":"publish","type":"page","link":"https:\/\/www.tgd.care\/es\/massimo-campieri\/","title":{"rendered":"Massimo Campieri"},"content":{"rendered":"<section class=\"l-section wpb_row height_medium\"><div class=\"l-section-h i-cf\"><div class=\"g-cols vc_row via_grid cols_2 laptops-cols_inherit tablets-cols_inherit mobiles-cols_1 valign_middle type_default stacking_default\" style=\"--gap:4vw;\"><div class=\"wpb_column vc_column_container\"><div class=\"vc_column-inner\"><div class=\"w-image us_custom_3bc1f25b style_shadow-2 has_ratio align_none\"><div class=\"w-image-h\"><div style=\"padding-bottom:100%\"><\/div><div class=\"w-image-shadow\" style=\"background-image:url(https:\/\/www.tgd.care\/wp-content\/uploads\/2025\/03\/MC.jpg);\"><\/div><img decoding=\"async\" width=\"1000\" height=\"1000\" src=\"https:\/\/www.tgd.care\/wp-content\/uploads\/2025\/03\/MC.jpg\" class=\"attachment-large size-large\" alt=\"\" loading=\"lazy\" \/><\/div><\/div><\/div><\/div><div class=\"wpb_column vc_column_container\"><div class=\"vc_column-inner\"><div class=\"wpb_text_column us_custom_d98eb4eb\"><div class=\"wpb_wrapper\"><h2><span class=\"green-text\">Massimo Campieri<\/span><\/h2>\n<\/div><\/div><div class=\"wpb_text_column us_custom_3bc3af9b has_text_color\"><div class=\"wpb_wrapper\"><section id=\"team-presentation\">\n<div class=\"stripe-container half-spacing small-bottom-spacing\">\n<div class=\"stripe-container-inner\">\n<div class=\"grid grid-xs-1 grid-md-2\">\n<div class=\"cell single-staff-info with-effect-d active-effect\">\n<div class=\"cell-container d-flex align-c\">\n<div class=\"cell-container-inner def-spacing-l\">\n<div class=\"intro-info\">\n<h5 class=\"small-subtitle bold upp\">Fundador<\/h5>\n<\/div>\n<\/div>\n<\/div>\n<\/div>\n<\/div>\n<\/div>\n<\/div>\n<\/section>\n<\/div><\/div><div class=\"w-separator size_medium\"><\/div><div class=\"w-socials us_custom_c96a8a09 color_brand shape_circle style_solid hover_fade\" style=\"--gap:0.1em;\"><div class=\"w-socials-list\"><div class=\"w-socials-item facebook\"><a target=\"_blank\" rel=\"nofollow\" href=\"#\" class=\"w-socials-item-link\" aria-label=\"Facebook\"><span class=\"w-socials-item-link-hover\"><\/span><i class=\"fab fa-facebook\"><\/i><\/a><\/div><div class=\"w-socials-item twitter\"><a target=\"_blank\" rel=\"nofollow\" href=\"#\" class=\"w-socials-item-link\" aria-label=\"X\"><span class=\"w-socials-item-link-hover\"><\/span><i class=\"fab fa-x-twitter\"><svg style=\"width:1em; margin-bottom:-.1em;\" xmlns=\"http:\/\/www.w3.org\/2000\/svg\" viewBox=\"0 0 512 512\"><path fill=\"currentColor\" d=\"M389.2 48h70.6L305.6 224.2 487 464H345L233.7 318.6 106.5 464H35.8L200.7 275.5 26.8 48H172.4L272.9 180.9 389.2 48zM364.4 421.8h39.1L151.1 88h-42L364.4 421.8z\"\/><\/svg><\/i><\/a><\/div><div class=\"w-socials-item instagram\"><a target=\"_blank\" rel=\"nofollow\" href=\"#\" class=\"w-socials-item-link\" aria-label=\"Instagram\"><span class=\"w-socials-item-link-hover\"><\/span><i class=\"fab fa-instagram\"><\/i><\/a><\/div><\/div><\/div><\/div><\/div><\/div><\/div><\/section><section class=\"l-section wpb_row height_medium\"><div class=\"l-section-h i-cf\"><div class=\"g-cols vc_row via_grid cols_1 laptops-cols_inherit tablets-cols_inherit mobiles-cols_1 valign_top type_default stacking_default\"><div class=\"wpb_column vc_column_container\"><div class=\"vc_column-inner\"><div class=\"w-tabs layout_hor style_default switch_click has_scrolling\" style=\"--sections-title-size:1em\"><div class=\"w-tabs-list items_4 align_none\"><div class=\"w-tabs-list-h\"><button class=\"w-tabs-item active\" aria-controls=\"content-p4ff\" aria-expanded=\"false\"><span class=\"w-tabs-item-title\">Introducci\u00f3n<\/span><\/button><button class=\"w-tabs-item\" aria-controls=\"content-l79a\" aria-expanded=\"false\"><span class=\"w-tabs-item-title\">Curr\u00edculum Vitae<\/span><\/button><button class=\"w-tabs-item\" aria-controls=\"content-t9c7\" aria-expanded=\"false\"><span class=\"w-tabs-item-title\">Experiencia Cl\u00ednica<\/span><\/button><button class=\"w-tabs-item\" aria-controls=\"content-dbdc\" aria-expanded=\"false\"><span class=\"w-tabs-item-title\">Publicaciones<\/span><\/button><\/div><\/div><div class=\"w-tabs-sections titles-align_none icon_chevron cpos_right\"><div class=\"w-tabs-section active\" id=\"p4ff\"><button class=\"w-tabs-section-header active\" aria-controls=\"content-p4ff\" aria-expanded=\"true\"><div class=\"w-tabs-section-title\">Introducci\u00f3n<\/div><div class=\"w-tabs-section-control\"><\/div><\/button><div  class=\"w-tabs-section-content\" id=\"content-p4ff\"><div class=\"w-tabs-section-content-h i-cf\"><div class=\"wpb_text_column\"><div class=\"wpb_wrapper\"><section id=\"intro-team\">\n<div class=\"stripe-container\">\n<div class=\"stripe-container-inner\">\n<section id=\"intro-team\">\n<div class=\"stripe-container\">\n<div class=\"stripe-container-inner\">\n<p class=\"big-lh\">Esta p\u00e1gina est\u00e1 dedicada a la memoria del Dr. Massimo Campieri, cofundador de TGD y uno de los expertos m\u00e1s reconocidos en el campo de las enfermedades inflamatorias intestinales. Massimo Campieri fue Investigador y Profesor en la Universidad de Bolonia, adem\u00e1s de Fundador y Director del Centro de Estudio y Tratamiento de Enfermedades Inflamatorias Intestinales Cr\u00f3nicas (EII) en el Policl\u00ednico S. Orsola de Bolonia, Italia.<\/p>\n<\/div>\n<\/div>\n<\/section>\n<\/div>\n<\/div>\n<\/section>\n<\/div><\/div><\/div><\/div><\/div><div class=\"w-tabs-section\" id=\"l79a\"><button class=\"w-tabs-section-header\" aria-controls=\"content-l79a\" aria-expanded=\"false\"><div class=\"w-tabs-section-title\">Curr\u00edculum Vitae<\/div><div class=\"w-tabs-section-control\"><\/div><\/button><div  class=\"w-tabs-section-content\" id=\"content-l79a\"><div class=\"w-tabs-section-content-h i-cf\"><div class=\"wpb_text_column\"><div class=\"wpb_wrapper\"><div class=\"curriculum-voice exsm-spacing-bottom big-lh\">\n<p>2007<br \/>\nProfesor Titular de Fisiopatolog\u00eda Aplicada a la Medicina Interna en la Facultad de Medicina y Cirug\u00eda de la Universidad de Bolonia.<\/p>\n<p>2005<br \/>\nHabilitaci\u00f3n como Profesor Catedr\u00e1tico en la Universidad de Verona.<\/p>\n<p>1992<br \/>\nProfesor Asociado de Fisiopatolog\u00eda Aplicada a la Medicina Interna en la Universidad de Bolonia.<\/p>\n<p>1981-1992<br \/>\nInvestigador Titular en la Universidad de Bolonia.<\/p>\n<p>1980<br \/>\nDiploma de Especializaci\u00f3n en Medicina del Trabajo con una tesis sobre la intoxicaci\u00f3n por mon\u00f3xido de carbono.<\/p>\n<p>1978<br \/>\nDiploma de Especializaci\u00f3n en Medicina Interna.<\/p>\n<p>1977<br \/>\nAsistente cl\u00ednico y de sala en el Radcliffe Infirmary de Oxford.<\/p>\n<p>1976<br \/>\nDiploma de Especializaci\u00f3n en Enfermedades Respiratorias.<\/p>\n<p>Diploma de Especializaci\u00f3n en Enfermedades del Aparato Digestivo, con una tesis sobre el diagn\u00f3stico diferencial de las enfermedades inflamatorias intestinales.<\/p>\n<p>1975<br \/>\nEstancia de investigaci\u00f3n en la Universidad de Copenhague.<\/p>\n<p>1974<br \/>\nHabilitaci\u00f3n Profesional.<\/p>\n<p>1973<br \/>\nLicenciatura en Medicina y Cirug\u00eda en la Universidad de Bolonia, con una calificaci\u00f3n de 110\/110 cum laude.<\/p>\n<p>Tesis experimental: \u00abEfectos de los mediadores adren\u00e9rgicos sobre la secreci\u00f3n g\u00e1strica\u00bb.<\/p>\n<\/div>\n<\/div><\/div><\/div><\/div><\/div><div class=\"w-tabs-section\" id=\"t9c7\"><button class=\"w-tabs-section-header\" aria-controls=\"content-t9c7\" aria-expanded=\"false\"><div class=\"w-tabs-section-title\">Experiencia Cl\u00ednica<\/div><div class=\"w-tabs-section-control\"><\/div><\/button><div  class=\"w-tabs-section-content\" id=\"content-t9c7\"><div class=\"w-tabs-section-content-h i-cf\"><div class=\"wpb_text_column\"><div class=\"wpb_wrapper\"><div class=\"curriculum-voice exsm-spacing-bottom big-lh\">\n<div class=\"curriculum-voice exsm-spacing-bottom big-lh\">\n<p>2006-2019<br \/>\nDirector de la Estructura Departamental Simple para Enfermedades Inflamatorias Intestinales Cr\u00f3nicas.<\/p>\n<p>2001-2006<br \/>\nResponsable de la Unidad Organizativa Empresarial del Policl\u00ednico S. Orsola-Malpighi para Enfermedades Inflamatorias Intestinales Cr\u00f3nicas.<\/p>\n<p>1990<br \/>\nHabilitaci\u00f3n como Jefe de Servicio en Gastroenterolog\u00eda.<\/p>\n<p>1988<br \/>\nHabilitaci\u00f3n como Jefe de Servicio en Medicina Interna.<\/p>\n<p>Desde 1980<br \/>\nAsistente de Medicina Cl\u00ednica en el Policl\u00ednico S. Orsola-Malpighi de Bolonia.<\/p>\n<\/div>\n<\/div>\n<\/div><\/div><\/div><\/div><\/div><div class=\"w-tabs-section\" id=\"dbdc\"><button class=\"w-tabs-section-header\" aria-controls=\"content-dbdc\" aria-expanded=\"false\"><div class=\"w-tabs-section-title\">Publicaciones<\/div><div class=\"w-tabs-section-control\"><\/div><\/button><div  class=\"w-tabs-section-content\" id=\"content-dbdc\"><div class=\"w-tabs-section-content-h i-cf\"><div class=\"wpb_text_column\"><div class=\"wpb_wrapper\"><div class=\"curriculum-voice exsm-spacing-bottom big-lh\">\n<div class=\"curriculum-voice exsm-spacing-bottom big-lh\">\n<p>Colabor\u00f3 en la redacci\u00f3n de m\u00e1s de 50 cap\u00edtulos en libros especializados y divulgativos nacionales e internacionales sobre enfermedades inflamatorias intestinales cr\u00f3nicas. Entre los m\u00e1s prestigiosos se encuentran:<\/p>\n<p>&#8211; Farmacologia e terapia dell\u2019apparato digerente, AAVV, UTET;<br \/>\n&#8211; Inflammatory Bowel Disease ed. Satsangi-Sutherland;<br \/>\n&#8211; Enfermedad Inflammatoria Intestinal, II edicion;<br \/>\n&#8211; Inflammatory Bowel Disease ed. Kirshner;<br \/>\nEditor de los siguientes vol\u00famenes:<br \/>\n&#8211; \u201cConoscere le Malattie Infiammatorie Croniche Intestinali\u201d, edizioni Ulisse;<br \/>\n&#8211; \u201cManuale di Fisiopatologia clinica\u201d, edizioni CLUEB;<br \/>\n-\u201cLe Malattie Infiammatorie Croniche Intestinali\u201d, Forum Service editore 2003;<\/p>\n<p>Autor de 156 art\u00edculos completos publicados en revistas internacionales con un alto Impact Factor.<\/p>\n<\/div>\n<\/div>\n<\/div><\/div><\/div><\/div><\/div><\/div><\/div><\/div><\/div><\/div><\/div><\/section>\n","protected":false},"excerpt":{"rendered":"Massimo Campieri Fundador Introducci\u00f3nCurr\u00edculum VitaeExperiencia Cl\u00ednicaPublicacionesIntroducci\u00f3n Esta p\u00e1gina est\u00e1 dedicada a la memoria del Dr. Massimo Campieri, cofundador de TGD y uno de los expertos m\u00e1s reconocidos en el campo de las enfermedades inflamatorias intestinales. Massimo Campieri fue Investigador y Profesor en la Universidad de Bolonia, adem\u00e1s de Fundador y Director del Centro de Estudio...","protected":false},"author":1,"featured_media":0,"parent":0,"menu_order":0,"comment_status":"closed","ping_status":"closed","template":"","meta":{"_acf_changed":false,"footnotes":""},"tags":[65],"class_list":["post-2003","page","type-page","status-publish","hentry","tag-team-es"],"acf":[],"yoast_head":"<!-- This site is optimized with the Yoast SEO plugin v24.7 - https:\/\/yoast.com\/wordpress\/plugins\/seo\/ -->\n<title>Massimo Campieri - TGD | Ricerca e Sviluppo di Integratori Alimentari<\/title>\n<meta name=\"robots\" content=\"index, follow, max-snippet:-1, max-image-preview:large, max-video-preview:-1\" \/>\n<link rel=\"canonical\" href=\"https:\/\/www.tgd.care\/es\/massimo-campieri\/\" \/>\n<meta property=\"og:locale\" content=\"es_ES\" \/>\n<meta property=\"og:type\" content=\"article\" \/>\n<meta property=\"og:title\" content=\"Massimo Campieri - TGD | Ricerca e Sviluppo di Integratori Alimentari\" \/>\n<meta property=\"og:url\" content=\"https:\/\/www.tgd.care\/es\/massimo-campieri\/\" \/>\n<meta property=\"og:site_name\" content=\"TGD | Ricerca e Sviluppo di Integratori Alimentari\" \/>\n<meta property=\"article:modified_time\" content=\"2025-03-19T09:44:23+00:00\" \/>\n<meta name=\"twitter:card\" content=\"summary_large_image\" \/>\n<meta name=\"twitter:label1\" content=\"Tiempo de lectura\" \/>\n\t<meta name=\"twitter:data1\" content=\"3 minutos\" \/>\n<script type=\"application\/ld+json\" class=\"yoast-schema-graph\">{\"@context\":\"https:\/\/schema.org\",\"@graph\":[{\"@type\":\"WebPage\",\"@id\":\"https:\/\/www.tgd.care\/es\/massimo-campieri\/\",\"url\":\"https:\/\/www.tgd.care\/es\/massimo-campieri\/\",\"name\":\"Massimo Campieri - TGD | Ricerca e Sviluppo di Integratori Alimentari\",\"isPartOf\":{\"@id\":\"https:\/\/www.tgd.care\/#website\"},\"datePublished\":\"2025-01-09T11:12:58+00:00\",\"dateModified\":\"2025-03-19T09:44:23+00:00\",\"breadcrumb\":{\"@id\":\"https:\/\/www.tgd.care\/es\/massimo-campieri\/#breadcrumb\"},\"inLanguage\":\"es\",\"potentialAction\":[{\"@type\":\"ReadAction\",\"target\":[\"https:\/\/www.tgd.care\/es\/massimo-campieri\/\"]}]},{\"@type\":\"BreadcrumbList\",\"@id\":\"https:\/\/www.tgd.care\/es\/massimo-campieri\/#breadcrumb\",\"itemListElement\":[{\"@type\":\"ListItem\",\"position\":1,\"name\":\"Home\",\"item\":\"https:\/\/www.tgd.care\/es\/\"},{\"@type\":\"ListItem\",\"position\":2,\"name\":\"Massimo Campieri\"}]},{\"@type\":\"WebSite\",\"@id\":\"https:\/\/www.tgd.care\/#website\",\"url\":\"https:\/\/www.tgd.care\/\",\"name\":\"TGD | Ricerca e Sviluppo di Integratori Alimentari\",\"description\":\"\",\"potentialAction\":[{\"@type\":\"SearchAction\",\"target\":{\"@type\":\"EntryPoint\",\"urlTemplate\":\"https:\/\/www.tgd.care\/?s={search_term_string}\"},\"query-input\":{\"@type\":\"PropertyValueSpecification\",\"valueRequired\":true,\"valueName\":\"search_term_string\"}}],\"inLanguage\":\"es\"}]}<\/script>\n<!-- \/ Yoast SEO plugin. -->","yoast_head_json":{"title":"Massimo Campieri - TGD | Ricerca e Sviluppo di Integratori Alimentari","robots":{"index":"index","follow":"follow","max-snippet":"max-snippet:-1","max-image-preview":"max-image-preview:large","max-video-preview":"max-video-preview:-1"},"canonical":"https:\/\/www.tgd.care\/es\/massimo-campieri\/","og_locale":"es_ES","og_type":"article","og_title":"Massimo Campieri - TGD | Ricerca e Sviluppo di Integratori Alimentari","og_url":"https:\/\/www.tgd.care\/es\/massimo-campieri\/","og_site_name":"TGD | Ricerca e Sviluppo di Integratori Alimentari","article_modified_time":"2025-03-19T09:44:23+00:00","twitter_card":"summary_large_image","twitter_misc":{"Tiempo de lectura":"3 minutos"},"schema":{"@context":"https:\/\/schema.org","@graph":[{"@type":"WebPage","@id":"https:\/\/www.tgd.care\/es\/massimo-campieri\/","url":"https:\/\/www.tgd.care\/es\/massimo-campieri\/","name":"Massimo Campieri - TGD | Ricerca e Sviluppo di Integratori Alimentari","isPartOf":{"@id":"https:\/\/www.tgd.care\/#website"},"datePublished":"2025-01-09T11:12:58+00:00","dateModified":"2025-03-19T09:44:23+00:00","breadcrumb":{"@id":"https:\/\/www.tgd.care\/es\/massimo-campieri\/#breadcrumb"},"inLanguage":"es","potentialAction":[{"@type":"ReadAction","target":["https:\/\/www.tgd.care\/es\/massimo-campieri\/"]}]},{"@type":"BreadcrumbList","@id":"https:\/\/www.tgd.care\/es\/massimo-campieri\/#breadcrumb","itemListElement":[{"@type":"ListItem","position":1,"name":"Home","item":"https:\/\/www.tgd.care\/es\/"},{"@type":"ListItem","position":2,"name":"Massimo Campieri"}]},{"@type":"WebSite","@id":"https:\/\/www.tgd.care\/#website","url":"https:\/\/www.tgd.care\/","name":"TGD | Ricerca e Sviluppo di Integratori Alimentari","description":"","potentialAction":[{"@type":"SearchAction","target":{"@type":"EntryPoint","urlTemplate":"https:\/\/www.tgd.care\/?s={search_term_string}"},"query-input":{"@type":"PropertyValueSpecification","valueRequired":true,"valueName":"search_term_string"}}],"inLanguage":"es"}]}},"_links":{"self":[{"href":"https:\/\/www.tgd.care\/es\/wp-json\/wp\/v2\/pages\/2003","targetHints":{"allow":["GET"]}}],"collection":[{"href":"https:\/\/www.tgd.care\/es\/wp-json\/wp\/v2\/pages"}],"about":[{"href":"https:\/\/www.tgd.care\/es\/wp-json\/wp\/v2\/types\/page"}],"author":[{"embeddable":true,"href":"https:\/\/www.tgd.care\/es\/wp-json\/wp\/v2\/users\/1"}],"replies":[{"embeddable":true,"href":"https:\/\/www.tgd.care\/es\/wp-json\/wp\/v2\/comments?post=2003"}],"version-history":[{"count":4,"href":"https:\/\/www.tgd.care\/es\/wp-json\/wp\/v2\/pages\/2003\/revisions"}],"predecessor-version":[{"id":2795,"href":"https:\/\/www.tgd.care\/es\/wp-json\/wp\/v2\/pages\/2003\/revisions\/2795"}],"wp:attachment":[{"href":"https:\/\/www.tgd.care\/es\/wp-json\/wp\/v2\/media?parent=2003"}],"wp:term":[{"taxonomy":"post_tag","embeddable":true,"href":"https:\/\/www.tgd.care\/es\/wp-json\/wp\/v2\/tags?post=2003"}],"curies":[{"name":"wp","href":"https:\/\/api.w.org\/{rel}","templated":true}]}}