{"id":1999,"date":"2025-01-09T13:00:39","date_gmt":"2025-01-09T12:00:39","guid":{"rendered":"https:\/\/www.tgd.care\/maria-chiara-valeri\/"},"modified":"2025-03-19T10:44:20","modified_gmt":"2025-03-19T09:44:20","slug":"maria-chiara-valerii","status":"publish","type":"page","link":"https:\/\/www.tgd.care\/es\/maria-chiara-valerii\/","title":{"rendered":"Maria Chiara Valerii"},"content":{"rendered":"<section class=\"l-section wpb_row height_medium\"><div class=\"l-section-h i-cf\"><div class=\"g-cols vc_row via_grid cols_2 laptops-cols_inherit tablets-cols_inherit mobiles-cols_1 valign_middle type_default stacking_default\" style=\"--gap:4vw;\"><div class=\"wpb_column vc_column_container\"><div class=\"vc_column-inner\"><div class=\"w-image us_custom_3bc1f25b style_shadow-2 has_ratio align_none\"><div class=\"w-image-h\"><div style=\"padding-bottom:100%\"><\/div><div class=\"w-image-shadow\" style=\"background-image:url(https:\/\/www.tgd.care\/wp-content\/uploads\/2025\/03\/MCV.jpg);\"><\/div><img decoding=\"async\" width=\"1000\" height=\"1000\" src=\"https:\/\/www.tgd.care\/wp-content\/uploads\/2025\/03\/MCV.jpg\" class=\"attachment-large size-large\" alt=\"\" loading=\"lazy\" \/><\/div><\/div><\/div><\/div><div class=\"wpb_column vc_column_container\"><div class=\"vc_column-inner\"><div class=\"wpb_text_column us_custom_d98eb4eb\"><div class=\"wpb_wrapper\"><h2><span class=\"green-text\">Maria Chiara Valerii<\/span><\/h2>\n<\/div><\/div><div class=\"wpb_text_column us_custom_3bc3af9b has_text_color\"><div class=\"wpb_wrapper\"><section id=\"team-presentation\">\n<div class=\"stripe-container half-spacing small-bottom-spacing\">\n<div class=\"stripe-container-inner\">\n<div class=\"grid grid-xs-1 grid-md-2\">\n<div class=\"cell single-staff-info with-effect-d active-effect\">\n<div class=\"cell-container d-flex align-c\">\n<div class=\"cell-container-inner def-spacing-l\">\n<div class=\"intro-info\">\n<h5 class=\"small-subtitle bold upp\">Fundadora y Consultora Cient\u00edfica<\/h5>\n<\/div>\n<\/div>\n<\/div>\n<\/div>\n<\/div>\n<\/div>\n<\/div>\n<\/section>\n<\/div><\/div><div class=\"w-separator size_medium\"><\/div><div class=\"w-socials us_custom_c96a8a09 color_brand shape_circle style_solid hover_fade\" style=\"--gap:0.1em;\"><div class=\"w-socials-list\"><div class=\"w-socials-item facebook\"><a target=\"_blank\" rel=\"nofollow\" href=\"#\" class=\"w-socials-item-link\" aria-label=\"Facebook\"><span class=\"w-socials-item-link-hover\"><\/span><i class=\"fab fa-facebook\"><\/i><\/a><\/div><div class=\"w-socials-item twitter\"><a target=\"_blank\" rel=\"nofollow\" href=\"#\" class=\"w-socials-item-link\" aria-label=\"X\"><span class=\"w-socials-item-link-hover\"><\/span><i class=\"fab fa-x-twitter\"><svg style=\"width:1em; margin-bottom:-.1em;\" xmlns=\"http:\/\/www.w3.org\/2000\/svg\" viewBox=\"0 0 512 512\"><path fill=\"currentColor\" d=\"M389.2 48h70.6L305.6 224.2 487 464H345L233.7 318.6 106.5 464H35.8L200.7 275.5 26.8 48H172.4L272.9 180.9 389.2 48zM364.4 421.8h39.1L151.1 88h-42L364.4 421.8z\"\/><\/svg><\/i><\/a><\/div><div class=\"w-socials-item instagram\"><a target=\"_blank\" rel=\"nofollow\" href=\"#\" class=\"w-socials-item-link\" aria-label=\"Instagram\"><span class=\"w-socials-item-link-hover\"><\/span><i class=\"fab fa-instagram\"><\/i><\/a><\/div><\/div><\/div><\/div><\/div><\/div><\/div><\/section><section class=\"l-section wpb_row height_medium\"><div class=\"l-section-h i-cf\"><div class=\"g-cols vc_row via_grid cols_1 laptops-cols_inherit tablets-cols_inherit mobiles-cols_1 valign_top type_default stacking_default\"><div class=\"wpb_column vc_column_container\"><div class=\"vc_column-inner\"><div class=\"w-tabs layout_hor style_default switch_click has_scrolling\" style=\"--sections-title-size:1em\"><div class=\"w-tabs-list items_2 align_none\"><div class=\"w-tabs-list-h\"><button class=\"w-tabs-item active\" aria-controls=\"content-a390\" aria-expanded=\"false\"><span class=\"w-tabs-item-title\">Introducci\u00f3n<\/span><\/button><button class=\"w-tabs-item\" aria-controls=\"content-t648\" aria-expanded=\"false\"><span class=\"w-tabs-item-title\">Curriculum Vitae<\/span><\/button><\/div><\/div><div class=\"w-tabs-sections titles-align_none icon_chevron cpos_right\"><div class=\"w-tabs-section active\" id=\"a390\"><button class=\"w-tabs-section-header active\" aria-controls=\"content-a390\" aria-expanded=\"true\"><div class=\"w-tabs-section-title\">Introducci\u00f3n<\/div><div class=\"w-tabs-section-control\"><\/div><\/button><div  class=\"w-tabs-section-content\" id=\"content-a390\"><div class=\"w-tabs-section-content-h i-cf\"><div class=\"wpb_text_column\"><div class=\"wpb_wrapper\"><section id=\"intro-team\">\n<div class=\"stripe-container\">\n<div class=\"stripe-container-inner\">\n<section id=\"intro-team\">\n<div class=\"stripe-container\">\n<div class=\"stripe-container-inner\">\n<section id=\"intro-team\">\n<div class=\"stripe-container\">\n<div class=\"stripe-container-inner\">\n<p class=\"big-lh\">Se gradu\u00f3 en 2006 en Ciencias Biol\u00f3gicas con especializaci\u00f3n en fisiopatolog\u00eda. En 2010, complet\u00f3 un Doctorado en Ciencias M\u00e9dico-Quir\u00fargicas en Gastroenterolog\u00eda y Trasplantes. En 2011, obtuvo un M\u00e1ster de segundo nivel en Investigaci\u00f3n y Desarrollo Precl\u00ednico y Cl\u00ednico de F\u00e1rmacos. Posteriormente, curs\u00f3 un Curso de Formaci\u00f3n Permanente en &#8216;Agricultura Ecol\u00f3gica: Cultivo, Medio Ambiente y Aspectos Nutricionales&#8217;. Cofundadora de la start-up TGD srl, actualmente se dedica a la investigaci\u00f3n y desarrollo dentro de la empresa, motivada profesionalmente a encontrar nuevas soluciones para problemas cl\u00ednicos ampliamente extendidos.<\/p>\n<\/div>\n<\/div>\n<\/section>\n<\/div>\n<\/div>\n<\/section>\n<\/div>\n<\/div>\n<\/section>\n<\/div><\/div><\/div><\/div><\/div><div class=\"w-tabs-section\" id=\"t648\"><button class=\"w-tabs-section-header\" aria-controls=\"content-t648\" aria-expanded=\"false\"><div class=\"w-tabs-section-title\">Curriculum Vitae<\/div><div class=\"w-tabs-section-control\"><\/div><\/button><div  class=\"w-tabs-section-content\" id=\"content-t648\"><div class=\"w-tabs-section-content-h i-cf\"><div class=\"wpb_text_column\"><div class=\"wpb_wrapper\"><div class=\"curriculum-voice exsm-spacing-bottom big-lh\">\n<div class=\"curriculum-voice exsm-spacing-bottom big-lh\">\n<p>Desde 2021<br \/>\nConsultora para actividades de investigaci\u00f3n y desarrollo.<\/p>\n<p>2019-2021<br \/>\nProfesional independiente en el campo de la investigaci\u00f3n m\u00e9dica\/traslacional y estudios cl\u00ednicos en el SSD Enfermedades Inflamatorias Cr\u00f3nicas Intestinales, AOU Policlinico S.Orsola-Malpighi.<\/p>\n<p>Desde 2017<br \/>\nConsultora en TGD.<\/p>\n<p>2016-2017<br \/>\nBeca de investigaci\u00f3n para actividades de investigaci\u00f3n m\u00e9dica\/traslacional y estudios cl\u00ednicos en el Departamento de Actividades Integradas, Enfermedades del Aparato Digestivo, Medicina Interna, Enfermedades Infecciosas SSD, AOU Policlinico S.Orsola-Malpighi.<\/p>\n<p>2016<br \/>\nCurso de Formaci\u00f3n Permanente en Agricultura Ecol\u00f3gica: Cultivo, Medio Ambiente y Aspectos Nutricionales en la Universidad de Bologna.<\/p>\n<p>2011<br \/>\nM\u00e1ster de segundo nivel en Investigaci\u00f3n y Desarrollo Precl\u00ednico y Cl\u00ednico de F\u00e1rmacos en la Universidad de Mil\u00e1n.<\/p>\n<p>2010<br \/>\nDoctorado en Ciencias M\u00e9dico-Quir\u00fargicas Gastroenterol\u00f3gicas y de Trasplantes en la Universidad de Bologna.<br \/>\nT\u00edtulo de la tesis: \u201cRol del receptor CB1 en la Enfermedad por Reflujo Gastroesof\u00e1gico erosiva y no erosiva.\u201d<\/p>\n<p>2008-2011<br \/>\nTitular de Beca de Investigaci\u00f3n en la Universidad de Bologna para actividades de investigaci\u00f3n m\u00e9dica\/traslacional y estudios cl\u00ednicos.<\/p>\n<p>2007<br \/>\nHabilitaci\u00f3n para la profesi\u00f3n de bi\u00f3logo.<\/p>\n<p>2006<br \/>\nLicenciatura en Ciencias Biol\u00f3gicas, especializaci\u00f3n en Fisiopatolog\u00eda. Facultad de Ciencias MM.FF.NN. en la Universidad de Bologna, Italia.<\/p>\n<\/div>\n<\/div>\n<\/div><\/div><\/div><\/div><\/div><\/div><\/div><\/div><\/div><\/div><\/div><\/section>\n","protected":false},"excerpt":{"rendered":"Maria Chiara Valerii Fundadora y Consultora Cient\u00edfica Introducci\u00f3nCurriculum VitaeIntroducci\u00f3n Se gradu\u00f3 en 2006 en Ciencias Biol\u00f3gicas con especializaci\u00f3n en fisiopatolog\u00eda. En 2010, complet\u00f3 un Doctorado en Ciencias M\u00e9dico-Quir\u00fargicas en Gastroenterolog\u00eda y Trasplantes. En 2011, obtuvo un M\u00e1ster de segundo nivel en Investigaci\u00f3n y Desarrollo Precl\u00ednico y Cl\u00ednico de F\u00e1rmacos. Posteriormente, curs\u00f3 un Curso de Formaci\u00f3n...","protected":false},"author":1,"featured_media":0,"parent":0,"menu_order":0,"comment_status":"closed","ping_status":"closed","template":"","meta":{"_acf_changed":false,"footnotes":""},"tags":[65],"class_list":["post-1999","page","type-page","status-publish","hentry","tag-team-es"],"acf":[],"yoast_head":"<!-- This site is optimized with the Yoast SEO plugin v24.7 - https:\/\/yoast.com\/wordpress\/plugins\/seo\/ -->\n<title>Maria Chiara Valerii - TGD | Ricerca e Sviluppo di Integratori Alimentari<\/title>\n<meta name=\"robots\" content=\"index, follow, max-snippet:-1, max-image-preview:large, max-video-preview:-1\" \/>\n<link rel=\"canonical\" href=\"https:\/\/www.tgd.care\/es\/maria-chiara-valerii\/\" \/>\n<meta property=\"og:locale\" content=\"es_ES\" \/>\n<meta property=\"og:type\" content=\"article\" \/>\n<meta property=\"og:title\" content=\"Maria Chiara Valerii - TGD | Ricerca e Sviluppo di Integratori Alimentari\" \/>\n<meta property=\"og:url\" content=\"https:\/\/www.tgd.care\/es\/maria-chiara-valerii\/\" \/>\n<meta property=\"og:site_name\" content=\"TGD | Ricerca e Sviluppo di Integratori Alimentari\" \/>\n<meta property=\"article:modified_time\" content=\"2025-03-19T09:44:20+00:00\" \/>\n<meta name=\"twitter:card\" content=\"summary_large_image\" \/>\n<meta name=\"twitter:label1\" content=\"Tiempo de lectura\" \/>\n\t<meta name=\"twitter:data1\" content=\"2 minutos\" \/>\n<script type=\"application\/ld+json\" class=\"yoast-schema-graph\">{\"@context\":\"https:\/\/schema.org\",\"@graph\":[{\"@type\":\"WebPage\",\"@id\":\"https:\/\/www.tgd.care\/es\/maria-chiara-valerii\/\",\"url\":\"https:\/\/www.tgd.care\/es\/maria-chiara-valerii\/\",\"name\":\"Maria Chiara Valerii - TGD | Ricerca e Sviluppo di Integratori Alimentari\",\"isPartOf\":{\"@id\":\"https:\/\/www.tgd.care\/#website\"},\"datePublished\":\"2025-01-09T12:00:39+00:00\",\"dateModified\":\"2025-03-19T09:44:20+00:00\",\"breadcrumb\":{\"@id\":\"https:\/\/www.tgd.care\/es\/maria-chiara-valerii\/#breadcrumb\"},\"inLanguage\":\"es\",\"potentialAction\":[{\"@type\":\"ReadAction\",\"target\":[\"https:\/\/www.tgd.care\/es\/maria-chiara-valerii\/\"]}]},{\"@type\":\"BreadcrumbList\",\"@id\":\"https:\/\/www.tgd.care\/es\/maria-chiara-valerii\/#breadcrumb\",\"itemListElement\":[{\"@type\":\"ListItem\",\"position\":1,\"name\":\"Home\",\"item\":\"https:\/\/www.tgd.care\/es\/\"},{\"@type\":\"ListItem\",\"position\":2,\"name\":\"Maria Chiara Valerii\"}]},{\"@type\":\"WebSite\",\"@id\":\"https:\/\/www.tgd.care\/#website\",\"url\":\"https:\/\/www.tgd.care\/\",\"name\":\"TGD | Ricerca e Sviluppo di Integratori Alimentari\",\"description\":\"\",\"potentialAction\":[{\"@type\":\"SearchAction\",\"target\":{\"@type\":\"EntryPoint\",\"urlTemplate\":\"https:\/\/www.tgd.care\/?s={search_term_string}\"},\"query-input\":{\"@type\":\"PropertyValueSpecification\",\"valueRequired\":true,\"valueName\":\"search_term_string\"}}],\"inLanguage\":\"es\"}]}<\/script>\n<!-- \/ Yoast SEO plugin. -->","yoast_head_json":{"title":"Maria Chiara Valerii - TGD | Ricerca e Sviluppo di Integratori Alimentari","robots":{"index":"index","follow":"follow","max-snippet":"max-snippet:-1","max-image-preview":"max-image-preview:large","max-video-preview":"max-video-preview:-1"},"canonical":"https:\/\/www.tgd.care\/es\/maria-chiara-valerii\/","og_locale":"es_ES","og_type":"article","og_title":"Maria Chiara Valerii - TGD | Ricerca e Sviluppo di Integratori Alimentari","og_url":"https:\/\/www.tgd.care\/es\/maria-chiara-valerii\/","og_site_name":"TGD | Ricerca e Sviluppo di Integratori Alimentari","article_modified_time":"2025-03-19T09:44:20+00:00","twitter_card":"summary_large_image","twitter_misc":{"Tiempo de lectura":"2 minutos"},"schema":{"@context":"https:\/\/schema.org","@graph":[{"@type":"WebPage","@id":"https:\/\/www.tgd.care\/es\/maria-chiara-valerii\/","url":"https:\/\/www.tgd.care\/es\/maria-chiara-valerii\/","name":"Maria Chiara Valerii - TGD | Ricerca e Sviluppo di Integratori Alimentari","isPartOf":{"@id":"https:\/\/www.tgd.care\/#website"},"datePublished":"2025-01-09T12:00:39+00:00","dateModified":"2025-03-19T09:44:20+00:00","breadcrumb":{"@id":"https:\/\/www.tgd.care\/es\/maria-chiara-valerii\/#breadcrumb"},"inLanguage":"es","potentialAction":[{"@type":"ReadAction","target":["https:\/\/www.tgd.care\/es\/maria-chiara-valerii\/"]}]},{"@type":"BreadcrumbList","@id":"https:\/\/www.tgd.care\/es\/maria-chiara-valerii\/#breadcrumb","itemListElement":[{"@type":"ListItem","position":1,"name":"Home","item":"https:\/\/www.tgd.care\/es\/"},{"@type":"ListItem","position":2,"name":"Maria Chiara Valerii"}]},{"@type":"WebSite","@id":"https:\/\/www.tgd.care\/#website","url":"https:\/\/www.tgd.care\/","name":"TGD | Ricerca e Sviluppo di Integratori Alimentari","description":"","potentialAction":[{"@type":"SearchAction","target":{"@type":"EntryPoint","urlTemplate":"https:\/\/www.tgd.care\/?s={search_term_string}"},"query-input":{"@type":"PropertyValueSpecification","valueRequired":true,"valueName":"search_term_string"}}],"inLanguage":"es"}]}},"_links":{"self":[{"href":"https:\/\/www.tgd.care\/es\/wp-json\/wp\/v2\/pages\/1999","targetHints":{"allow":["GET"]}}],"collection":[{"href":"https:\/\/www.tgd.care\/es\/wp-json\/wp\/v2\/pages"}],"about":[{"href":"https:\/\/www.tgd.care\/es\/wp-json\/wp\/v2\/types\/page"}],"author":[{"embeddable":true,"href":"https:\/\/www.tgd.care\/es\/wp-json\/wp\/v2\/users\/1"}],"replies":[{"embeddable":true,"href":"https:\/\/www.tgd.care\/es\/wp-json\/wp\/v2\/comments?post=1999"}],"version-history":[{"count":8,"href":"https:\/\/www.tgd.care\/es\/wp-json\/wp\/v2\/pages\/1999\/revisions"}],"predecessor-version":[{"id":2798,"href":"https:\/\/www.tgd.care\/es\/wp-json\/wp\/v2\/pages\/1999\/revisions\/2798"}],"wp:attachment":[{"href":"https:\/\/www.tgd.care\/es\/wp-json\/wp\/v2\/media?parent=1999"}],"wp:term":[{"taxonomy":"post_tag","embeddable":true,"href":"https:\/\/www.tgd.care\/es\/wp-json\/wp\/v2\/tags?post=1999"}],"curies":[{"name":"wp","href":"https:\/\/api.w.org\/{rel}","templated":true}]}}