{"id":1993,"date":"2025-01-09T13:27:56","date_gmt":"2025-01-09T12:27:56","guid":{"rendered":"https:\/\/www.tgd.care\/supporto-scientifico\/"},"modified":"2025-03-19T16:05:32","modified_gmt":"2025-03-19T15:05:32","slug":"apoyo-cientifico","status":"publish","type":"page","link":"https:\/\/www.tgd.care\/es\/apoyo-cientifico\/","title":{"rendered":"Apoyo cient\u00edfico."},"content":{"rendered":"<section class=\"l-section wpb_row height_huge color_secondary with_img with_video\"><div class=\"l-section-img\" role=\"img\" style=\"background-image: url(https:\/\/www.tgd.care\/wp-content\/uploads\/2025\/02\/placeholder-tgd.jpeg);\"><\/div><div id=\"us_bg_video_wb8a\" class=\"l-section-video\"><script>!function(w){var node = document.getElementById( 'us_bg_video_wb8a' );if ( w.innerWidth <= 100 ) { node.remove() }}(window);<\/script><style>@media(max-width:100px){#us_bg_video_wb8a{display:none!important}}<\/style><video  autoplay loop muted playsinline preload=\"auto\"><source type=\"video\/mp4\" src=\"\/wp-content\/uploads\/2024\/12\/3195972-sd_640_360_25fps.mp4\" \/><\/video><\/div><div class=\"l-section-overlay\" style=\"background:linear-gradient(360deg,#02465f,rgba(0,60,112,0.45))\"><\/div><div class=\"l-section-h i-cf\"><div class=\"g-cols vc_row via_grid cols_1 laptops-cols_inherit tablets-cols_inherit mobiles-cols_1 valign_top type_default stacking_default\"><div class=\"wpb_column vc_column_container\"><div class=\"vc_column-inner\"><h1 class=\"w-text us_custom_5a972a17 has_text_color\"><span class=\"w-text-h\"><span class=\"w-text-value\">Apoyo cient\u00edfico.<\/span><\/span><\/h1><div class=\"wpb_text_column us_custom_66c32f45\"><div class=\"wpb_wrapper\"><p style=\"text-align: center;\">Alimenti funzionali e nutraceutici<\/p>\n<\/div><\/div><\/div><\/div><\/div><\/div><\/section><section class=\"l-section wpb_row us_custom_c7a700dc us_animate_this height_medium full_height valign_center\"><div class=\"l-section-h i-cf\"><div class=\"g-cols vc_row via_grid cols_2 laptops-cols_2 tablets-cols_inherit mobiles-cols_1 valign_top type_default stacking_default\" style=\"--gap:9%;\"><div class=\"wpb_column vc_column_container\"><div class=\"vc_column-inner\"><div class=\"wpb_text_column us_custom_ebbabc80\"><div class=\"wpb_wrapper\"><p>TGD ofrece a sus clientes servicios de consultor\u00eda personalizados para el dise\u00f1o y la validaci\u00f3n cient\u00edfica de suplementos alimenticios y nutrac\u00e9uticos a base de aceites esenciales.<\/p>\n<p>A trav\u00e9s de colaboraciones con la Universidad de Bolonia y otros centros de investigaci\u00f3n nacionales e internacionales, el equipo es capaz de proponer planes complejos de desarrollo y experimentaci\u00f3n de nuevos productos nutrac\u00e9uticos.<\/p>\n<\/div><\/div><\/div><\/div><div class=\"wpb_column vc_column_container\"><div class=\"vc_column-inner\"><div class=\"w-video align_none ratio_1x1\"><div class=\"w-video-h\"><video  preload=\"metadata\" playsinline autoplay loop muted><source type=\"video\/mp4\" src=\"\/wp-content\/uploads\/2024\/12\/7565632-hd_720_1280_25fps.mp4\" \/><\/video><\/div><div class=\"w-video-icon\" style=\"font-size:1.5rem;background:rgba(0,0,0,0.5);color:#fff\"><\/div><\/div><div class=\"w-image us_custom_6bca907a align_none\"><div class=\"w-image-h\"><img decoding=\"async\" width=\"1024\" height=\"1024\" src=\"https:\/\/www.tgd.care\/wp-content\/uploads\/2024\/12\/Exclude-3-1024x1024.png\" class=\"attachment-large size-large\" alt=\"\" loading=\"lazy\" srcset=\"https:\/\/www.tgd.care\/wp-content\/uploads\/2024\/12\/Exclude-3-1024x1024.png 1024w, https:\/\/www.tgd.care\/wp-content\/uploads\/2024\/12\/Exclude-3-300x300.png 300w, https:\/\/www.tgd.care\/wp-content\/uploads\/2024\/12\/Exclude-3-150x150.png 150w, https:\/\/www.tgd.care\/wp-content\/uploads\/2024\/12\/Exclude-3.png 1080w\" sizes=\"auto, (max-width: 1024px) 100vw, 1024px\" \/><\/div><\/div><\/div><\/div><\/div><\/div><\/section>\n","protected":false},"excerpt":{"rendered":"Apoyo cient\u00edfico.Alimenti funzionali e nutraceutici TGD ofrece a sus clientes servicios de consultor\u00eda personalizados para el dise\u00f1o y la validaci\u00f3n cient\u00edfica de suplementos alimenticios y nutrac\u00e9uticos a base de aceites esenciales. A trav\u00e9s de colaboraciones con la Universidad de Bolonia y otros centros de investigaci\u00f3n nacionales e internacionales, el equipo es capaz de proponer planes...","protected":false},"author":1,"featured_media":0,"parent":0,"menu_order":0,"comment_status":"closed","ping_status":"closed","template":"","meta":{"_acf_changed":false,"footnotes":""},"tags":[],"class_list":["post-1993","page","type-page","status-publish","hentry"],"acf":[],"yoast_head":"<!-- This site is optimized with the Yoast SEO plugin v24.7 - https:\/\/yoast.com\/wordpress\/plugins\/seo\/ -->\n<title>Apoyo cient\u00edfico. - TGD | Ricerca e Sviluppo di Integratori Alimentari<\/title>\n<meta name=\"robots\" content=\"index, follow, max-snippet:-1, max-image-preview:large, max-video-preview:-1\" \/>\n<link rel=\"canonical\" href=\"https:\/\/www.tgd.care\/es\/apoyo-cientifico\/\" \/>\n<meta property=\"og:locale\" content=\"es_ES\" \/>\n<meta property=\"og:type\" content=\"article\" \/>\n<meta property=\"og:title\" content=\"Apoyo cient\u00edfico. - TGD | Ricerca e Sviluppo di Integratori Alimentari\" \/>\n<meta property=\"og:url\" content=\"https:\/\/www.tgd.care\/es\/apoyo-cientifico\/\" \/>\n<meta property=\"og:site_name\" content=\"TGD | Ricerca e Sviluppo di Integratori Alimentari\" \/>\n<meta property=\"article:modified_time\" content=\"2025-03-19T15:05:32+00:00\" \/>\n<meta name=\"twitter:card\" content=\"summary_large_image\" \/>\n<meta name=\"twitter:label1\" content=\"Tiempo de lectura\" \/>\n\t<meta name=\"twitter:data1\" content=\"2 minutos\" \/>\n<script type=\"application\/ld+json\" class=\"yoast-schema-graph\">{\"@context\":\"https:\/\/schema.org\",\"@graph\":[{\"@type\":\"WebPage\",\"@id\":\"https:\/\/www.tgd.care\/es\/apoyo-cientifico\/\",\"url\":\"https:\/\/www.tgd.care\/es\/apoyo-cientifico\/\",\"name\":\"Apoyo cient\u00edfico. - TGD | Ricerca e Sviluppo di Integratori Alimentari\",\"isPartOf\":{\"@id\":\"https:\/\/www.tgd.care\/#website\"},\"datePublished\":\"2025-01-09T12:27:56+00:00\",\"dateModified\":\"2025-03-19T15:05:32+00:00\",\"breadcrumb\":{\"@id\":\"https:\/\/www.tgd.care\/es\/apoyo-cientifico\/#breadcrumb\"},\"inLanguage\":\"es\",\"potentialAction\":[{\"@type\":\"ReadAction\",\"target\":[\"https:\/\/www.tgd.care\/es\/apoyo-cientifico\/\"]}]},{\"@type\":\"BreadcrumbList\",\"@id\":\"https:\/\/www.tgd.care\/es\/apoyo-cientifico\/#breadcrumb\",\"itemListElement\":[{\"@type\":\"ListItem\",\"position\":1,\"name\":\"Home\",\"item\":\"https:\/\/www.tgd.care\/es\/\"},{\"@type\":\"ListItem\",\"position\":2,\"name\":\"Apoyo cient\u00edfico.\"}]},{\"@type\":\"WebSite\",\"@id\":\"https:\/\/www.tgd.care\/#website\",\"url\":\"https:\/\/www.tgd.care\/\",\"name\":\"TGD | Ricerca e Sviluppo di Integratori Alimentari\",\"description\":\"\",\"potentialAction\":[{\"@type\":\"SearchAction\",\"target\":{\"@type\":\"EntryPoint\",\"urlTemplate\":\"https:\/\/www.tgd.care\/?s={search_term_string}\"},\"query-input\":{\"@type\":\"PropertyValueSpecification\",\"valueRequired\":true,\"valueName\":\"search_term_string\"}}],\"inLanguage\":\"es\"}]}<\/script>\n<!-- \/ Yoast SEO plugin. -->","yoast_head_json":{"title":"Apoyo cient\u00edfico. - TGD | Ricerca e Sviluppo di Integratori Alimentari","robots":{"index":"index","follow":"follow","max-snippet":"max-snippet:-1","max-image-preview":"max-image-preview:large","max-video-preview":"max-video-preview:-1"},"canonical":"https:\/\/www.tgd.care\/es\/apoyo-cientifico\/","og_locale":"es_ES","og_type":"article","og_title":"Apoyo cient\u00edfico. - TGD | Ricerca e Sviluppo di Integratori Alimentari","og_url":"https:\/\/www.tgd.care\/es\/apoyo-cientifico\/","og_site_name":"TGD | Ricerca e Sviluppo di Integratori Alimentari","article_modified_time":"2025-03-19T15:05:32+00:00","twitter_card":"summary_large_image","twitter_misc":{"Tiempo de lectura":"2 minutos"},"schema":{"@context":"https:\/\/schema.org","@graph":[{"@type":"WebPage","@id":"https:\/\/www.tgd.care\/es\/apoyo-cientifico\/","url":"https:\/\/www.tgd.care\/es\/apoyo-cientifico\/","name":"Apoyo cient\u00edfico. - TGD | Ricerca e Sviluppo di Integratori Alimentari","isPartOf":{"@id":"https:\/\/www.tgd.care\/#website"},"datePublished":"2025-01-09T12:27:56+00:00","dateModified":"2025-03-19T15:05:32+00:00","breadcrumb":{"@id":"https:\/\/www.tgd.care\/es\/apoyo-cientifico\/#breadcrumb"},"inLanguage":"es","potentialAction":[{"@type":"ReadAction","target":["https:\/\/www.tgd.care\/es\/apoyo-cientifico\/"]}]},{"@type":"BreadcrumbList","@id":"https:\/\/www.tgd.care\/es\/apoyo-cientifico\/#breadcrumb","itemListElement":[{"@type":"ListItem","position":1,"name":"Home","item":"https:\/\/www.tgd.care\/es\/"},{"@type":"ListItem","position":2,"name":"Apoyo cient\u00edfico."}]},{"@type":"WebSite","@id":"https:\/\/www.tgd.care\/#website","url":"https:\/\/www.tgd.care\/","name":"TGD | Ricerca e Sviluppo di Integratori Alimentari","description":"","potentialAction":[{"@type":"SearchAction","target":{"@type":"EntryPoint","urlTemplate":"https:\/\/www.tgd.care\/?s={search_term_string}"},"query-input":{"@type":"PropertyValueSpecification","valueRequired":true,"valueName":"search_term_string"}}],"inLanguage":"es"}]}},"_links":{"self":[{"href":"https:\/\/www.tgd.care\/es\/wp-json\/wp\/v2\/pages\/1993","targetHints":{"allow":["GET"]}}],"collection":[{"href":"https:\/\/www.tgd.care\/es\/wp-json\/wp\/v2\/pages"}],"about":[{"href":"https:\/\/www.tgd.care\/es\/wp-json\/wp\/v2\/types\/page"}],"author":[{"embeddable":true,"href":"https:\/\/www.tgd.care\/es\/wp-json\/wp\/v2\/users\/1"}],"replies":[{"embeddable":true,"href":"https:\/\/www.tgd.care\/es\/wp-json\/wp\/v2\/comments?post=1993"}],"version-history":[{"count":5,"href":"https:\/\/www.tgd.care\/es\/wp-json\/wp\/v2\/pages\/1993\/revisions"}],"predecessor-version":[{"id":2846,"href":"https:\/\/www.tgd.care\/es\/wp-json\/wp\/v2\/pages\/1993\/revisions\/2846"}],"wp:attachment":[{"href":"https:\/\/www.tgd.care\/es\/wp-json\/wp\/v2\/media?parent=1993"}],"wp:term":[{"taxonomy":"post_tag","embeddable":true,"href":"https:\/\/www.tgd.care\/es\/wp-json\/wp\/v2\/tags?post=1993"}],"curies":[{"name":"wp","href":"https:\/\/api.w.org\/{rel}","templated":true}]}}