{"id":1974,"date":"2025-01-08T15:29:52","date_gmt":"2025-01-08T14:29:52","guid":{"rendered":"https:\/\/www.tgd.care\/news\/"},"modified":"2025-03-19T15:49:41","modified_gmt":"2025-03-19T14:49:41","slug":"news","status":"publish","type":"page","link":"https:\/\/www.tgd.care\/es\/news\/","title":{"rendered":"News"},"content":{"rendered":"<section class=\"l-section wpb_row height_auto width_full\"><div class=\"l-section-h i-cf\"><div class=\"g-cols vc_row via_grid cols_1 laptops-cols_inherit tablets-cols_inherit mobiles-cols_1 valign_top type_default stacking_default\"><div class=\"wpb_column vc_column_container\"><div class=\"vc_column-inner\"><div class=\"w-separator us_custom_93d8a041 size_custom\" style=\"height:100px\"><\/div><\/div><\/div><\/div><\/div><\/section><section class=\"l-section wpb_row us_custom_60e9caca us_animate_this height_small full_height valign_center\"><div class=\"l-section-h i-cf\"><div class=\"g-cols vc_row via_grid cols_1 laptops-cols_inherit tablets-cols_inherit mobiles-cols_1 valign_top type_default stacking_default\"><div class=\"wpb_column vc_column_container\"><div class=\"vc_column-inner\"><div class=\"w-vwrapper align_center valign_top\" style=\"--vwrapper-gap:0rem\"><h5 class=\"w-text\"><span class=\"w-text-h\"><span class=\"w-text-value\">News<\/span><\/span><\/h5><div class=\"w-separator us_custom_a5c0e80c size_custom with_line width_30 thick_2 style_solid color_primary align_center\" style=\"height:1\"><div class=\"w-separator-h\"><\/div><\/div><\/div><div class=\"w-separator size_small\"><\/div><div class=\"w-grid us_custom_80a192e9 type_grid layout_564 cols_3 pagination_infinite overflow_hidden with_filters\" id=\"us_grid_1\" style=\"--gap:1rem;\"><style>@media (max-width:1024px){#us_grid_1 .w-grid-item{width:50%}}@media (max-width:899px){#us_grid_1 .w-grid-list{margin:0}#us_grid_1 .w-grid-item{width:100%;padding:0;margin-bottom:var(--gap,0px)}}@media (min-width:1024px){#us_grid_1 .w-post-elm.post_title{font-size:16px!important}}.layout_564 .w-grid-item-h{background:#333;border-radius:0.3rem;box-shadow:0 0.12rem 0.24rem rgba(0,0,0,0.1),0 0.4rem 1.2rem rgba(0,0,0,0.1);transition-duration:0.3s}.no-touch .layout_564 .w-grid-item-h:hover{box-shadow:0 0.2rem 0.4rem rgba(0,0,0,0.1),0 0.67rem 2rem rgba(0,0,0,0.15);z-index:4}.layout_564 .usg_post_image_1{transition-duration:0.3s;transform-origin:50% 50%;transform:scale(1) translate(0%,0%)}.layout_564 .w-grid-item-h:hover .usg_post_image_1{transform:scale(1.1) translate(0%,0%);opacity:1}.layout_564 .usg_vwrapper_1{position:absolute!important;left:0!important;bottom:0!important;right:0!important;background:linear-gradient(transparent,rgba(30,30,30,0.9))!important;padding:15% 7% 5% 7%!important}.layout_564 .usg_post_title_1{color:#fff!important;font-size:1.4rem!important;font-weight:700!important}@media (max-width:600px){.layout_564 .usg_post_title_1{font-size:1.2rem!important}}<\/style><div class=\"g-filters style_3 align_center\"><button class=\"g-filters-item active\" data-taxonomy=\"*\"><span>Todo<\/span><\/button><button class=\"g-filters-item\" data-taxonomy=\"benessere-femminile-es\" data-amount=\"8\"><span>Bienestar femenino<\/span><span class=\"g-filters-item-amount\">8<\/span><\/button><button class=\"g-filters-item\" data-taxonomy=\"difese-immunitarie-es\" data-amount=\"6\"><span>Defensas Inmunitarias<\/span><span class=\"g-filters-item-amount\">6<\/span><\/button><button class=\"g-filters-item\" data-taxonomy=\"digestion-es\" data-amount=\"9\"><span>Digesti\u00f3n<\/span><span class=\"g-filters-item-amount\">9<\/span><\/button><button class=\"g-filters-item\" data-taxonomy=\"metabolismo-es\" data-amount=\"4\"><span>Metabolismo energ\u00e9tico<\/span><span class=\"g-filters-item-amount\">4<\/span><\/button><button class=\"g-filters-item\" data-taxonomy=\"sistema-nervioso-es\" data-amount=\"4\"><span>Sistema nervioso<\/span><span class=\"g-filters-item-amount\">4<\/span><\/button><\/div><div class=\"w-grid-list\" data-filter_taxonomy_name=\"category\" data-filter_default_taxonomies=\"benessere-femminile-es,difese-immunitarie-es,digestion-es,metabolismo-es,sistema-nervioso-es\">\t<article class=\"w-grid-item size_1x1 post-3361 post type-post status-publish format-standard has-post-thumbnail hentry category-benessere-femminile-es\" data-id=\"3361\">\r\n\t\t<div class=\"w-grid-item-h\">\r\n\t\t\t\t\t\t<div class=\"w-post-elm post_image usg_post_image_1 stretched\"><a href=\"https:\/\/www.tgd.care\/es\/articulos\/benessere-femminile-es\/lapacho-propiedades\/\" aria-label=\"Lapacho: El secreto de los Incas para el equilibrio de la Microbiota\"><img loading=\"lazy\" decoding=\"async\" width=\"1024\" height=\"853\" src=\"https:\/\/www.tgd.care\/wp-content\/uploads\/2026\/03\/lapacho-0426-1024x853.png\" class=\"attachment-large size-large wp-post-image\" alt=\"lapacho 0426\" srcset=\"https:\/\/www.tgd.care\/wp-content\/uploads\/2026\/03\/lapacho-0426-1024x853.png 1024w, https:\/\/www.tgd.care\/wp-content\/uploads\/2026\/03\/lapacho-0426-300x250.png 300w, https:\/\/www.tgd.care\/wp-content\/uploads\/2026\/03\/lapacho-0426-480x400.png 480w, https:\/\/www.tgd.care\/wp-content\/uploads\/2026\/03\/lapacho-0426-900x750.png 900w, https:\/\/www.tgd.care\/wp-content\/uploads\/2026\/03\/lapacho-0426-600x500.png 600w, https:\/\/www.tgd.care\/wp-content\/uploads\/2026\/03\/lapacho-0426.png 1200w\" sizes=\"auto, (max-width: 1024px) 100vw, 1024px\" \/><\/a><\/div><div class=\"w-vwrapper usg_vwrapper_1 align_none valign_top\"><h2 class=\"w-post-elm post_title usg_post_title_1 has_text_color entry-title color_link_inherit\"><a href=\"https:\/\/www.tgd.care\/es\/articulos\/benessere-femminile-es\/lapacho-propiedades\/\">Lapacho: El secreto de los Incas para el equilibrio de la Microbiota<\/a><\/h2><\/div>\t\t<\/div>\r\n\t\t\t<\/article>\r\n\t<article class=\"w-grid-item size_1x1 post-3350 post type-post status-publish format-standard has-post-thumbnail hentry category-benessere-femminile-es category-difese-immunitarie-es category-digestion-es category-metabolismo-es category-sistema-nervioso-es\" data-id=\"3350\">\r\n\t\t<div class=\"w-grid-item-h\">\r\n\t\t\t\t\t\t<div class=\"w-post-elm post_image usg_post_image_1 stretched\"><a href=\"https:\/\/www.tgd.care\/es\/articulos\/digestion-es\/biodisponibilidad\/\" aria-label=\"Biodisponibilidad: cuando menos es m\u00e1s\"><img loading=\"lazy\" decoding=\"async\" width=\"1024\" height=\"853\" src=\"https:\/\/www.tgd.care\/wp-content\/uploads\/2026\/03\/biodisponibilita-0326-1024x853.png\" class=\"attachment-large size-large wp-post-image\" alt=\"biodisponibilidad\" srcset=\"https:\/\/www.tgd.care\/wp-content\/uploads\/2026\/03\/biodisponibilita-0326-1024x853.png 1024w, https:\/\/www.tgd.care\/wp-content\/uploads\/2026\/03\/biodisponibilita-0326-300x250.png 300w, https:\/\/www.tgd.care\/wp-content\/uploads\/2026\/03\/biodisponibilita-0326-480x400.png 480w, https:\/\/www.tgd.care\/wp-content\/uploads\/2026\/03\/biodisponibilita-0326-900x750.png 900w, https:\/\/www.tgd.care\/wp-content\/uploads\/2026\/03\/biodisponibilita-0326-600x500.png 600w\" sizes=\"auto, (max-width: 1024px) 100vw, 1024px\" \/><\/a><\/div><div class=\"w-vwrapper usg_vwrapper_1 align_none valign_top\"><h2 class=\"w-post-elm post_title usg_post_title_1 has_text_color entry-title color_link_inherit\"><a href=\"https:\/\/www.tgd.care\/es\/articulos\/digestion-es\/biodisponibilidad\/\">Biodisponibilidad: cuando menos es m\u00e1s<\/a><\/h2><\/div>\t\t<\/div>\r\n\t\t\t<\/article>\r\n\t<article class=\"w-grid-item size_1x1 post-3338 post type-post status-publish format-standard has-post-thumbnail hentry category-articulos category-benessere-femminile-es\" data-id=\"3338\">\r\n\t\t<div class=\"w-grid-item-h\">\r\n\t\t\t\t\t\t<div class=\"w-post-elm post_image usg_post_image_1 stretched\"><a href=\"https:\/\/www.tgd.care\/es\/articulos\/infecciones-vaginales\/\" aria-label=\"Infecciones Vaginales: Modulaci\u00f3n Dirigida de la Microbiota\"><img loading=\"lazy\" decoding=\"async\" width=\"1024\" height=\"853\" src=\"https:\/\/www.tgd.care\/wp-content\/uploads\/2024\/03\/infezioni-vaginali-0226-1024x853.png\" class=\"attachment-large size-large wp-post-image\" alt=\"infezioni vaginali\" srcset=\"https:\/\/www.tgd.care\/wp-content\/uploads\/2024\/03\/infezioni-vaginali-0226-1024x853.png 1024w, https:\/\/www.tgd.care\/wp-content\/uploads\/2024\/03\/infezioni-vaginali-0226-300x250.png 300w, https:\/\/www.tgd.care\/wp-content\/uploads\/2024\/03\/infezioni-vaginali-0226-480x400.png 480w, https:\/\/www.tgd.care\/wp-content\/uploads\/2024\/03\/infezioni-vaginali-0226-900x750.png 900w, https:\/\/www.tgd.care\/wp-content\/uploads\/2024\/03\/infezioni-vaginali-0226-600x500.png 600w, https:\/\/www.tgd.care\/wp-content\/uploads\/2024\/03\/infezioni-vaginali-0226.png 1200w\" sizes=\"auto, (max-width: 1024px) 100vw, 1024px\" \/><\/a><\/div><div class=\"w-vwrapper usg_vwrapper_1 align_none valign_top\"><h2 class=\"w-post-elm post_title usg_post_title_1 has_text_color entry-title color_link_inherit\"><a href=\"https:\/\/www.tgd.care\/es\/articulos\/infecciones-vaginales\/\">Infecciones Vaginales: Modulaci\u00f3n Dirigida de la Microbiota<\/a><\/h2><\/div>\t\t<\/div>\r\n\t\t\t<\/article>\r\n\t<article class=\"w-grid-item size_1x1 post-3325 post type-post status-publish format-standard has-post-thumbnail hentry category-articulos category-metabolismo-es\" data-id=\"3325\">\r\n\t\t<div class=\"w-grid-item-h\">\r\n\t\t\t\t\t\t<div class=\"w-post-elm post_image usg_post_image_1 stretched\"><a href=\"https:\/\/www.tgd.care\/es\/articulos\/glp-1-microbiota-intestinal-salud-metabolica\/\" aria-label=\"GLP-1: La Influencia de la Microbiota en la Se\u00f1alizaci\u00f3n End\u00f3gena\"><img loading=\"lazy\" decoding=\"async\" width=\"1024\" height=\"853\" src=\"https:\/\/www.tgd.care\/wp-content\/uploads\/2023\/09\/GLP-1-0126-1024x853.png\" class=\"attachment-large size-large wp-post-image\" alt=\"GLP-1 0126\" srcset=\"https:\/\/www.tgd.care\/wp-content\/uploads\/2023\/09\/GLP-1-0126-1024x853.png 1024w, https:\/\/www.tgd.care\/wp-content\/uploads\/2023\/09\/GLP-1-0126-300x250.png 300w, https:\/\/www.tgd.care\/wp-content\/uploads\/2023\/09\/GLP-1-0126-480x400.png 480w, https:\/\/www.tgd.care\/wp-content\/uploads\/2023\/09\/GLP-1-0126-900x750.png 900w, https:\/\/www.tgd.care\/wp-content\/uploads\/2023\/09\/GLP-1-0126-600x500.png 600w, https:\/\/www.tgd.care\/wp-content\/uploads\/2023\/09\/GLP-1-0126.png 1200w\" sizes=\"auto, (max-width: 1024px) 100vw, 1024px\" \/><\/a><\/div><div class=\"w-vwrapper usg_vwrapper_1 align_none valign_top\"><h2 class=\"w-post-elm post_title usg_post_title_1 has_text_color entry-title color_link_inherit\"><a href=\"https:\/\/www.tgd.care\/es\/articulos\/glp-1-microbiota-intestinal-salud-metabolica\/\">GLP-1: La Influencia de la Microbiota en la Se\u00f1alizaci\u00f3n End\u00f3gena<\/a><\/h2><\/div>\t\t<\/div>\r\n\t\t\t<\/article>\r\n\t<article class=\"w-grid-item size_1x1 post-3310 post type-post status-publish format-standard has-post-thumbnail hentry category-articulos category-digestion-es\" data-id=\"3310\">\r\n\t\t<div class=\"w-grid-item-h\">\r\n\t\t\t\t\t\t<div class=\"w-post-elm post_image usg_post_image_1 stretched\"><a href=\"https:\/\/www.tgd.care\/es\/articulos\/eje-microbiota-intestino-cerebro\/\" aria-label=\"El Eje Microbiota \u2013 Intestino \u2013 Cerebro: La Actualizaci\u00f3n Completa\"><img loading=\"lazy\" decoding=\"async\" width=\"600\" height=\"500\" src=\"https:\/\/www.tgd.care\/wp-content\/uploads\/2025\/01\/asse-microbiota-intestino-cervello-copertina.jpg\" class=\"attachment-large size-large wp-post-image\" alt=\"\" srcset=\"https:\/\/www.tgd.care\/wp-content\/uploads\/2025\/01\/asse-microbiota-intestino-cervello-copertina.jpg 600w, https:\/\/www.tgd.care\/wp-content\/uploads\/2025\/01\/asse-microbiota-intestino-cervello-copertina-300x250.jpg 300w\" sizes=\"auto, (max-width: 600px) 100vw, 600px\" \/><\/a><\/div><div class=\"w-vwrapper usg_vwrapper_1 align_none valign_top\"><h2 class=\"w-post-elm post_title usg_post_title_1 has_text_color entry-title color_link_inherit\"><a href=\"https:\/\/www.tgd.care\/es\/articulos\/eje-microbiota-intestino-cerebro\/\">El Eje Microbiota \u2013 Intestino \u2013 Cerebro: La Actualizaci\u00f3n Completa<\/a><\/h2><\/div>\t\t<\/div>\r\n\t\t\t<\/article>\r\n\t<article class=\"w-grid-item size_1x1 post-3260 post type-post status-publish format-standard has-post-thumbnail hentry category-articulos category-difese-immunitarie-es\" data-id=\"3260\">\r\n\t\t<div class=\"w-grid-item-h\">\r\n\t\t\t\t\t\t<div class=\"w-post-elm post_image usg_post_image_1 stretched\"><a href=\"https:\/\/www.tgd.care\/es\/articulos\/remedios-naturales-infecciones\/\" aria-label=\"Remedios Naturales para Infecciones: Eugedin Complex\"><img loading=\"lazy\" decoding=\"async\" width=\"1024\" height=\"853\" src=\"https:\/\/www.tgd.care\/wp-content\/uploads\/2024\/12\/rimedi-naturali-copertina-1125-1024x853.png\" class=\"attachment-large size-large wp-post-image\" alt=\"rimedi naturali copertina 1125\" srcset=\"https:\/\/www.tgd.care\/wp-content\/uploads\/2024\/12\/rimedi-naturali-copertina-1125-1024x853.png 1024w, https:\/\/www.tgd.care\/wp-content\/uploads\/2024\/12\/rimedi-naturali-copertina-1125-300x250.png 300w, https:\/\/www.tgd.care\/wp-content\/uploads\/2024\/12\/rimedi-naturali-copertina-1125-480x400.png 480w, https:\/\/www.tgd.care\/wp-content\/uploads\/2024\/12\/rimedi-naturali-copertina-1125-900x750.png 900w, https:\/\/www.tgd.care\/wp-content\/uploads\/2024\/12\/rimedi-naturali-copertina-1125-600x500.png 600w, https:\/\/www.tgd.care\/wp-content\/uploads\/2024\/12\/rimedi-naturali-copertina-1125.png 1200w\" sizes=\"auto, (max-width: 1024px) 100vw, 1024px\" \/><\/a><\/div><div class=\"w-vwrapper usg_vwrapper_1 align_none valign_top\"><h2 class=\"w-post-elm post_title usg_post_title_1 has_text_color entry-title color_link_inherit\"><a href=\"https:\/\/www.tgd.care\/es\/articulos\/remedios-naturales-infecciones\/\">Remedios Naturales para Infecciones: Eugedin Complex<\/a><\/h2><\/div>\t\t<\/div>\r\n\t\t\t<\/article>\r\n<\/div><div class=\"w-grid-preloader\">\t<div class=\"g-preloader type_1\">\r\n\t\t<div><\/div>\r\n\t<\/div>\r\n\t<\/div>\t\t\t<div class=\"g-loadmore \">\r\n\t\t\t\t<div class=\"g-preloader type_1\">\r\n\t\t\t\t\t<div><\/div>\r\n\t\t\t\t<\/div>\r\n\t\t\t\t<button class=\"w-btn us-btn-style_1\">\r\n\t\t\t\t\t<span class=\"w-btn-label\">Cargar m\u00e1s<\/span>\r\n\t\t\t\t<\/button>\r\n\t\t\t<\/div>\r\n\t\t\t\t<div class=\"w-grid-json hidden\" onclick='return {&quot;action&quot;:&quot;us_ajax_grid&quot;,&quot;infinite_scroll&quot;:true,&quot;max_num_pages&quot;:3,&quot;pagination&quot;:&quot;ajax&quot;,&quot;template_vars&quot;:{&quot;columns&quot;:&quot;3&quot;,&quot;exclude_items&quot;:&quot;none&quot;,&quot;img_size&quot;:&quot;default&quot;,&quot;ignore_items_size&quot;:0,&quot;items_layout&quot;:&quot;564&quot;,&quot;items_offset&quot;:&quot;1&quot;,&quot;load_animation&quot;:&quot;none&quot;,&quot;overriding_link&quot;:&quot;%7B%22url%22%3A%22%22%7D&quot;,&quot;post_id&quot;:0,&quot;query_args&quot;:{&quot;post_type&quot;:[&quot;post&quot;],&quot;tax_query&quot;:[{&quot;taxonomy&quot;:&quot;category&quot;,&quot;field&quot;:&quot;slug&quot;,&quot;terms&quot;:[&quot;benessere-femminile-es&quot;,&quot;difese-immunitarie-es&quot;,&quot;digestion-es&quot;,&quot;metabolismo-es&quot;,&quot;sistema-nervioso-es&quot;]}],&quot;post_status&quot;:[&quot;publish&quot;,&quot;acf-disabled&quot;],&quot;posts_per_page&quot;:&quot;6&quot;},&quot;orderby_query_args&quot;:{&quot;orderby&quot;:{&quot;date&quot;:&quot;DESC&quot;}},&quot;type&quot;:&quot;grid&quot;,&quot;us_grid_post_type&quot;:&quot;post&quot;,&quot;us_grid_ajax_index&quot;:1,&quot;us_grid_filter_query_string&quot;:null,&quot;us_grid_index&quot;:1,&quot;page_args&quot;:[],&quot;lang&quot;:&quot;es&quot;}}'><\/div>\r\n\t<\/div><div class=\"w-separator size_huge\"><\/div><\/div><\/div><\/div><\/div><\/section>\n","protected":false},"excerpt":{"rendered":"Defensas inmunitarias y la necesidad de nuevos remedios naturales Con la llegada de la temporada fr\u00eda, aumenta significativamente el inter\u00e9s por formulaciones capaces de apoyar el sistema inmunitario. Los consumidores buscan remedios naturales efectivos y basados en evidencia. Por ello, las empresas del sector deben desarrollar estrategias de suplementaci\u00f3n diferenciadoras, capaces de combinar eficacia biol\u00f3gica,...","protected":false},"author":1,"featured_media":0,"parent":0,"menu_order":0,"comment_status":"closed","ping_status":"closed","template":"","meta":{"_acf_changed":false,"footnotes":""},"tags":[],"class_list":["post-1974","page","type-page","status-publish","hentry"],"acf":[],"yoast_head":"<!-- This site is optimized with the Yoast SEO plugin v24.7 - https:\/\/yoast.com\/wordpress\/plugins\/seo\/ -->\n<title>News - TGD | Ricerca e Sviluppo di Integratori Alimentari<\/title>\n<meta name=\"robots\" content=\"index, follow, max-snippet:-1, max-image-preview:large, max-video-preview:-1\" \/>\n<link rel=\"canonical\" href=\"https:\/\/www.tgd.care\/es\/news\/\" \/>\n<meta property=\"og:locale\" content=\"es_ES\" \/>\n<meta property=\"og:type\" content=\"article\" \/>\n<meta property=\"og:title\" content=\"News - TGD | Ricerca e Sviluppo di Integratori Alimentari\" \/>\n<meta property=\"og:url\" content=\"https:\/\/www.tgd.care\/es\/news\/\" \/>\n<meta property=\"og:site_name\" content=\"TGD | Ricerca e Sviluppo di Integratori Alimentari\" \/>\n<meta property=\"article:modified_time\" content=\"2025-03-19T14:49:41+00:00\" \/>\n<meta name=\"twitter:card\" content=\"summary_large_image\" \/>\n<meta name=\"twitter:label1\" content=\"Tiempo de lectura\" \/>\n\t<meta name=\"twitter:data1\" content=\"1 minuto\" \/>\n<script type=\"application\/ld+json\" class=\"yoast-schema-graph\">{\"@context\":\"https:\/\/schema.org\",\"@graph\":[{\"@type\":\"WebPage\",\"@id\":\"https:\/\/www.tgd.care\/es\/news\/\",\"url\":\"https:\/\/www.tgd.care\/es\/news\/\",\"name\":\"News - TGD | Ricerca e Sviluppo di Integratori Alimentari\",\"isPartOf\":{\"@id\":\"https:\/\/www.tgd.care\/#website\"},\"datePublished\":\"2025-01-08T14:29:52+00:00\",\"dateModified\":\"2025-03-19T14:49:41+00:00\",\"breadcrumb\":{\"@id\":\"https:\/\/www.tgd.care\/es\/news\/#breadcrumb\"},\"inLanguage\":\"es\",\"potentialAction\":[{\"@type\":\"ReadAction\",\"target\":[\"https:\/\/www.tgd.care\/es\/news\/\"]}]},{\"@type\":\"BreadcrumbList\",\"@id\":\"https:\/\/www.tgd.care\/es\/news\/#breadcrumb\",\"itemListElement\":[{\"@type\":\"ListItem\",\"position\":1,\"name\":\"Home\",\"item\":\"https:\/\/www.tgd.care\/es\/\"},{\"@type\":\"ListItem\",\"position\":2,\"name\":\"News\"}]},{\"@type\":\"WebSite\",\"@id\":\"https:\/\/www.tgd.care\/#website\",\"url\":\"https:\/\/www.tgd.care\/\",\"name\":\"TGD | Ricerca e Sviluppo di Integratori Alimentari\",\"description\":\"\",\"potentialAction\":[{\"@type\":\"SearchAction\",\"target\":{\"@type\":\"EntryPoint\",\"urlTemplate\":\"https:\/\/www.tgd.care\/?s={search_term_string}\"},\"query-input\":{\"@type\":\"PropertyValueSpecification\",\"valueRequired\":true,\"valueName\":\"search_term_string\"}}],\"inLanguage\":\"es\"}]}<\/script>\n<!-- \/ Yoast SEO plugin. -->","yoast_head_json":{"title":"News - TGD | Ricerca e Sviluppo di Integratori Alimentari","robots":{"index":"index","follow":"follow","max-snippet":"max-snippet:-1","max-image-preview":"max-image-preview:large","max-video-preview":"max-video-preview:-1"},"canonical":"https:\/\/www.tgd.care\/es\/news\/","og_locale":"es_ES","og_type":"article","og_title":"News - TGD | Ricerca e Sviluppo di Integratori Alimentari","og_url":"https:\/\/www.tgd.care\/es\/news\/","og_site_name":"TGD | Ricerca e Sviluppo di Integratori Alimentari","article_modified_time":"2025-03-19T14:49:41+00:00","twitter_card":"summary_large_image","twitter_misc":{"Tiempo de lectura":"1 minuto"},"schema":{"@context":"https:\/\/schema.org","@graph":[{"@type":"WebPage","@id":"https:\/\/www.tgd.care\/es\/news\/","url":"https:\/\/www.tgd.care\/es\/news\/","name":"News - TGD | Ricerca e Sviluppo di Integratori Alimentari","isPartOf":{"@id":"https:\/\/www.tgd.care\/#website"},"datePublished":"2025-01-08T14:29:52+00:00","dateModified":"2025-03-19T14:49:41+00:00","breadcrumb":{"@id":"https:\/\/www.tgd.care\/es\/news\/#breadcrumb"},"inLanguage":"es","potentialAction":[{"@type":"ReadAction","target":["https:\/\/www.tgd.care\/es\/news\/"]}]},{"@type":"BreadcrumbList","@id":"https:\/\/www.tgd.care\/es\/news\/#breadcrumb","itemListElement":[{"@type":"ListItem","position":1,"name":"Home","item":"https:\/\/www.tgd.care\/es\/"},{"@type":"ListItem","position":2,"name":"News"}]},{"@type":"WebSite","@id":"https:\/\/www.tgd.care\/#website","url":"https:\/\/www.tgd.care\/","name":"TGD | Ricerca e Sviluppo di Integratori Alimentari","description":"","potentialAction":[{"@type":"SearchAction","target":{"@type":"EntryPoint","urlTemplate":"https:\/\/www.tgd.care\/?s={search_term_string}"},"query-input":{"@type":"PropertyValueSpecification","valueRequired":true,"valueName":"search_term_string"}}],"inLanguage":"es"}]}},"_links":{"self":[{"href":"https:\/\/www.tgd.care\/es\/wp-json\/wp\/v2\/pages\/1974","targetHints":{"allow":["GET"]}}],"collection":[{"href":"https:\/\/www.tgd.care\/es\/wp-json\/wp\/v2\/pages"}],"about":[{"href":"https:\/\/www.tgd.care\/es\/wp-json\/wp\/v2\/types\/page"}],"author":[{"embeddable":true,"href":"https:\/\/www.tgd.care\/es\/wp-json\/wp\/v2\/users\/1"}],"replies":[{"embeddable":true,"href":"https:\/\/www.tgd.care\/es\/wp-json\/wp\/v2\/comments?post=1974"}],"version-history":[{"count":2,"href":"https:\/\/www.tgd.care\/es\/wp-json\/wp\/v2\/pages\/1974\/revisions"}],"predecessor-version":[{"id":2843,"href":"https:\/\/www.tgd.care\/es\/wp-json\/wp\/v2\/pages\/1974\/revisions\/2843"}],"wp:attachment":[{"href":"https:\/\/www.tgd.care\/es\/wp-json\/wp\/v2\/media?parent=1974"}],"wp:term":[{"taxonomy":"post_tag","embeddable":true,"href":"https:\/\/www.tgd.care\/es\/wp-json\/wp\/v2\/tags?post=1974"}],"curies":[{"name":"wp","href":"https:\/\/api.w.org\/{rel}","templated":true}]}}